{"id":78,"date":"2021-06-11T13:05:05","date_gmt":"2021-06-11T06:05:05","guid":{"rendered":"http:\/\/tuankhangmedical.com\/?page_id=78"},"modified":"2025-01-03T15:35:56","modified_gmt":"2025-01-03T08:35:56","slug":"chinh-sach-bao-hanh","status":"publish","type":"page","link":"https:\/\/tuankhangmedical.com\/en\/chinh-sach-bao-hanh\/","title":{"rendered":"Ch\u00ednh s\u00e1ch b\u1ea3o h\u00e0nh"},"content":{"rendered":"<p style=\"text-align: left;\"><span style=\"color: #000000;\">B\u1ea3o h\u00e0nh s\u1ea3n ph\u1ea9m l\u00e0: kh\u1eafc ph\u1ee5c l\u1ed7i h\u1ecfng, s\u1ef1 c\u1ed1 hay l\u1ed7i t\u1eeb ph\u00eda nh\u00e0 s\u1ea3n xu\u1ea5t.<\/span><\/p>\n<h3 style=\"text-align: left;\"><span style=\"color: #013974;\">1- Th\u1eddi gian b\u1ea3o h\u00e0nh:<\/span><\/h3>\n<p style=\"text-align: left;\"><span style=\"color: #000000;\">&#8211; B\u1ea3o h\u00e0nh nhanh nh\u1ea5t trong v\u00f2ng 48h.<\/span><\/p>\n<p style=\"text-align: left;\"><span style=\"color: #000000;\">&#8211; \u0110\u1ed5i m\u00e1y m\u1edbi trong v\u00f2ng 07 ng\u00e0y (tr\u01b0\u1eddng h\u1ee3p l\u1ed7i t\u1eeb ph\u00eda nh\u00e0 s\u1ea3n xu\u1ea5t).<\/span><\/p>\n<p>&nbsp;<\/p>\n<h3 style=\"text-align: left;\"><span style=\"color: #013974;\">2- Quy \u0111\u1ecbnh v\u1ec1 b\u1ea3o h\u00e0nh:<\/span><\/h3>\n<p style=\"text-align: left;\"><span style=\"color: #000000;\">&#8211; S\u1ea3n ph\u1ea9m \u0111\u01b0\u1ee3c b\u1ea3o h\u00e0nh mi\u1ec5n ph\u00ed n\u1ebfu s\u1ea3n ph\u1ea9m \u0111\u00f3 c\u00f2n th\u1eddi h\u1ea1n b\u1ea3o h\u00e0nh \u0111\u01b0\u1ee3c t\u00ednh k\u1ec3 t\u1eeb ng\u00e0y giao h\u00e0ng. S\u1ea3n ph\u1ea9m \u0111\u01b0\u1ee3c b\u1ea3o h\u00e0nh trong th\u1eddi h\u1ea1n b\u1ea3o h\u00e0nh ghi tr\u00ean phi\u1ebfu b\u1ea3o h\u00e0nh, tem b\u1ea3o h\u00e0nh v\u00e0 theo quy \u0111\u1ecbnh c\u1ee7a t\u1eebng h\u00e3ng s\u1ea3n xu\u1ea5t t\u1ea5t c\u1ea3 c\u00e1c s\u1ef1 c\u1ed1 v\u1ec1 m\u1eb7t k\u1ef9 thu\u1eadt.<\/span><br \/>\n<span style=\"color: #000000;\">&#8211; C\u00f3 phi\u1ebfu b\u1ea3o h\u00e0nh v\u00e0 tem b\u1ea3o h\u00e0nh c\u1ee7a C\u00f4ng ty tr\u00ean s\u1ea3n ph\u1ea9m.<\/span><\/p>\n<p>&nbsp;<\/p>\n<h3 style=\"text-align: left;\"><span style=\"color: #013974;\">3- Nh\u1eefng tr\u01b0\u1eddng h\u1ee3p kh\u00f4ng \u0111\u01b0\u1ee3c b\u1ea3o h\u00e0nh:\u00a0<\/span><\/h3>\n<p style=\"text-align: left;\"><span style=\"color: #000000;\">&#8211; Kh\u00e1ch h\u00e0ng t\u1ef1 th\u00e1o m\u1edf m\u00e1y ho\u1eb7c m\u00e1y \u0111\u00e3 b\u1ecb r\u00e1ch tem b\u1ea3o h\u00e0nh.<\/span><br \/>\n<span style=\"color: #000000;\">&#8211; Do l\u1ed7i c\u1ee7a ng\u01b0\u1eddi s\u1eed d\u1ee5ng thao t\u00e1c kh\u00f4ng \u0111\u00fang v\u1edbi h\u01b0\u1edbng d\u1eabn k\u00e8m theo m\u00e1y, s\u1eed d\u1ee5ng v\u1eadt t\u01b0 kh\u00f4ng \u0111\u00fang v\u1edbi ti\u00eau chu\u1ea9n c\u1ee7a ch\u00ednh h\u00e3ng.<\/span><br \/>\n<span style=\"color: #000000;\">&#8211; Do nguy\u00ean nh\u00e2n kh\u00e1ch quan nh\u01b0: ngu\u1ed3n \u0111i\u1ec7n s\u1eed d\u1ee5ng kh\u00f4ng \u1ed5n \u0111\u1ecbnh (qu\u00e1 cao, qu\u00e1 th\u1ea5p ho\u1eb7c th\u1ea5t th\u01b0\u1eddng), l\u00e0m r\u01a1i v\u1ee1, va \u0111\u1eadp m\u1ea1nh do thi\u00ean tai, ch\u00e1y, n\u1ed5..v.v..<\/span><br \/>\n<span style=\"color: #000000;\">&#8211; Kh\u00f4ng b\u1ea3o h\u00e0nh c\u00e1c ph\u1ea7n m\u1ec1m ho\u1eb7c l\u1ed7i do Virut g\u00e2y ra.<\/span><br \/>\n<span style=\"color: #000000;\">&#8211; Vi\u1ec7c b\u1ea3o h\u00e0nh kh\u00f4ng bao g\u1ed3m v\u1eadt t\u01b0 ph\u1ee5 ki\u1ec7n ti\u00eau hao trong qu\u00e1 tr\u00ecnh s\u1eed d\u1ee5ng nh\u01b0 b\u00f3ng \u0111\u00e8n, pin, acquy\u2026<\/span><\/p>\n<p>&nbsp;<\/p>\n<h3 style=\"text-align: left;\"><span style=\"color: #013974;\">4- L\u01b0u \u00fd \u0111\u1ed1i v\u1edbi c\u00e1c cam k\u1ebft:<\/span><\/h3>\n<p style=\"text-align: left;\"><span style=\"color: #000000;\">&#8211; T\u1ea5t c\u1ea3 c\u00e1c cam k\u1ebft ch\u1ec9 \u00e1p d\u1ee5ng \u0111\u1ed1i v\u1edbi c\u00e1c thi\u1ebft b\u1ecb \u0111\u1ee7 \u0111i\u1ec1u ki\u1ec7n b\u1ea3o h\u00e0nh.<\/span><br \/>\n<span style=\"color: #000000;\">&#8211; Kh\u00e1ch h\u00e0ng c\u1ea7n \u0111\u1ecdc t\u00e0i li\u1ec7u h\u01b0\u1edbng d\u1eabn tr\u01b0\u1edbc khi s\u1eed d\u1ee5ng.<\/span><br \/>\n<span style=\"color: #000000;\">&#8211; S\u1eed d\u1ee5ng v\u00e0 b\u1ea3o qu\u1ea3n thi\u1ebft b\u1ecb \u0111\u00fang quy tr\u00ecnh k\u1ef9 thu\u1eadt \u0111\u00e3 \u0111\u01b0\u1ee3c h\u01b0\u1edbng d\u1eabn v\u00e0 trong m\u00f4i tr\u01b0\u1eddng th\u00edch h\u1ee3p (Nhi\u1ec7t \u0111\u1ed9, \u0111i\u1ec7n \u00e1p, \u0111\u1ed9 \u1ea9m\u2026)<\/span><\/p>\n<p>&nbsp;<\/p>\n<h3 style=\"text-align: left;\"><span style=\"color: #013974;\">5- \u0110\u1ecba \u0111i\u1ec3m b\u1ea3o h\u00e0nh:<\/span><\/h3>\n<p style=\"text-align: left;\"><span style=\"color: #000000;\">Trong h\u1ee3p \u0111\u1ed3ng, bi\u00ean b\u1ea3n b\u00e0n giao, phi\u1ebfu b\u1ea3o h\u00e0nh m\u00e0 kh\u00f4ng ghi th\u1ecfa thu\u1eadn b\u1ea3o h\u00e0nh t\u1ea1i \u0111\u1ecba ch\u1ec9 kh\u00e1ch h\u00e0ng \u0111\u00e3 \u0111\u0103ng k\u00fd th\u00ec t\u1ea5t c\u1ea3 c\u00e1c s\u1ea3n ph\u1ea9m \u0111\u01b0\u1ee3c b\u1ea3o h\u00e0nh t\u1ea1i Trung t\u00e2m b\u1ea3o h\u00e0nh (\u0110\u1ecba ch\u1ec9 v\u00e0 s\u1ed1 \u0111i\u1ec7n tho\u1ea1i ghi tr\u00ean phi\u1ebfu b\u1ea3o h\u00e0nh, nh\u00e3n \u0111\u1ecba ch\u1ec9).<\/span><br \/>\n<span style=\"color: #000000;\">Qu\u00fd kh\u00e1ch c\u00f3 th\u1ec3 li\u00ean h\u1ec7 v\u1edbi NV CSKH c\u1ee7a C\u00f4ng ty TNHH D\u01b0\u1ee3c v\u00e0 Thi\u1ebft b\u1ecb Y t\u1ebf Tu\u1ea5n Khang \u0111\u1ec3 \u0111\u01b0\u1ee3c h\u01b0\u1edbng d\u1eabn chi ti\u1ebft th\u00eam th\u00f4ng tin.<\/span><\/p>\n<p>&nbsp;<\/p>\n<h3 style=\"text-align: left;\"><span style=\"color: #013974;\">6- Th\u1eafc m\u1eafc v\u00e0 khi\u1ebfu n\u1ea1i v\u1ec1 v\u1ea5n \u0111\u1ec1 b\u1ea3o h\u00e0nh:<\/span><\/h3>\n<p><span style=\"color: #000000;\">*N\u1ebfu Qu\u00fd kh\u00e1ch ch\u01b0a th\u1ea5y h\u00e0i l\u00f2ng ho\u1eb7c c\u00f3 th\u1eafc m\u1eafc khi\u1ebfu n\u1ea1i v\u1ec1 v\u1ea5n \u0111\u1ec1 b\u1ea3o h\u00e0nh, xin Qu\u00fd kh\u00e1ch vui l\u00f2ng li\u00ean h\u1ec7 t\u1edbi D\u1ecaCH V\u1ee4 CH\u0102M S\u00d3C KH\u00c1CH H\u00c0NG c\u1ee7a ch\u00fang t\u00f4i t\u1ea1i \u0111\u1ecba ch\u1ec9 H\u00e0 N\u1ed9i:<\/span><\/p>\n<div class=\"description full col-xs-12\" style=\"text-align: left;\">\n<p>&nbsp;<\/p>\n<p><span style=\"color: #000000;\">*\u0110\u1ecba ch\u1ec9: S\u1ed1 23, ng\u00f5 38 Ph\u01b0\u01a1ng Mai, Ph\u01b0\u1eddng Kim Li\u00ean, Qu\u1eadn \u0110\u1ed1ng \u0110a, H\u00e0 N\u1ed9i.<\/span><br \/>\n<span style=\"color: #000000;\">S\u1ed1 \u0111i\u1ec7n tho\u1ea1i: 0247 303 9993 &#8211; 0902 102 228 ho\u1eb7c \u0111\u1ecba ch\u1ec9 E-mail: tuankhangdental@gmail.com<\/span><\/p>\n<p>&nbsp;<\/p>\n<p><em><strong><span style=\"color: #013974;\">C\u00d4NG TY TNHH D\u01af\u1ee2C V\u00c0 THI\u1ebeT B\u1eca Y T\u1ebe TU\u1ea4N KHANG<\/span><\/strong> <span style=\"color: #000000;\">xin ch\u00e2n th\u00e0nh c\u1ea3m \u01a1n Qu\u00fd kh\u00e1ch h\u00e0ng \u0111\u00e3 l\u1ef1a ch\u1ecdn mua h\u00e0ng c\u1ee7a C\u00f4ng ty. Ch\u1eafc ch\u1eafn Qu\u00fd kh\u00e1ch h\u00e0ng s\u1ebd h\u00e0i l\u00f2ng v\u1ec1 ch\u1ea5t l\u01b0\u1ee3ng d\u1ecbch v\u1ee5 &amp; th\u00e1i \u0111\u1ed9 ph\u1ee5c v\u1ee5 t\u1ed1t nh\u1ea5t t\u1eeb \u0111\u1ed9i ng\u0169 nh\u00e2n vi\u00ean t\u1ea1i C\u00f4ng ty TNHH D\u01b0\u1ee3c v\u00e0 Thi\u1ebft b\u1ecb Y t\u1ebf Tu\u1ea5n Khang.<\/span><\/em><\/p>\n<p>&nbsp;<\/p>\n<p><span style=\"color: #000000;\">Xin ch\u00e2n th\u00e0nh c\u1ea3m \u01a1n Qu\u00fd kh\u00e1ch !<\/span><\/p>\n<\/div>\n<div class=\"share-article btn-group\">\n<div class=\"item\" style=\"text-align: left;\"><\/div>\n<\/div>\n","protected":false},"excerpt":{"rendered":"<p>B\u1ea3o h\u00e0nh s\u1ea3n ph\u1ea9m l\u00e0: kh\u1eafc ph\u1ee5c l\u1ed7i h\u1ecfng, s\u1ef1 c\u1ed1 hay l\u1ed7i t\u1eeb ph\u00eda nh\u00e0 s\u1ea3n xu\u1ea5t. 1- Th\u1eddi gian b\u1ea3o h\u00e0nh: &#8211; B\u1ea3o h\u00e0nh nhanh nh\u1ea5t trong v\u00f2ng 48h. &#8211; \u0110\u1ed5i m\u00e1y m\u1edbi trong v\u00f2ng 07 ng\u00e0y (tr\u01b0\u1eddng h\u1ee3p l\u1ed7i t\u1eeb ph\u00eda nh\u00e0 s\u1ea3n xu\u1ea5t). &nbsp; 2- Quy \u0111\u1ecbnh v\u1ec1 b\u1ea3o h\u00e0nh: &#8211; [&hellip;]<\/p>\n","protected":false},"author":1,"featured_media":0,"parent":0,"menu_order":0,"comment_status":"closed","ping_status":"closed","template":"","meta":{"_acf_changed":false,"footnotes":""},"class_list":["post-78","page","type-page","status-publish","hentry"],"acf":[],"_links":{"self":[{"href":"https:\/\/tuankhangmedical.com\/en\/wp-json\/wp\/v2\/pages\/78","targetHints":{"allow":["GET"]}}],"collection":[{"href":"https:\/\/tuankhangmedical.com\/en\/wp-json\/wp\/v2\/pages"}],"about":[{"href":"https:\/\/tuankhangmedical.com\/en\/wp-json\/wp\/v2\/types\/page"}],"author":[{"embeddable":true,"href":"https:\/\/tuankhangmedical.com\/en\/wp-json\/wp\/v2\/users\/1"}],"replies":[{"embeddable":true,"href":"https:\/\/tuankhangmedical.com\/en\/wp-json\/wp\/v2\/comments?post=78"}],"version-history":[{"count":10,"href":"https:\/\/tuankhangmedical.com\/en\/wp-json\/wp\/v2\/pages\/78\/revisions"}],"predecessor-version":[{"id":1470,"href":"https:\/\/tuankhangmedical.com\/en\/wp-json\/wp\/v2\/pages\/78\/revisions\/1470"}],"wp:attachment":[{"href":"https:\/\/tuankhangmedical.com\/en\/wp-json\/wp\/v2\/media?parent=78"}],"curies":[{"name":"wp","href":"https:\/\/api.w.org\/{rel}","templated":true}]}}