{"id":76,"date":"2021-06-11T13:04:45","date_gmt":"2021-06-11T06:04:45","guid":{"rendered":"http:\/\/tuankhangmedical.com\/?page_id=76"},"modified":"2024-12-27T09:55:14","modified_gmt":"2024-12-27T02:55:14","slug":"huong-dan-mua-hang","status":"publish","type":"page","link":"https:\/\/tuankhangmedical.com\/en\/huong-dan-mua-hang\/","title":{"rendered":"H\u01b0\u1edbng d\u1eabn mua h\u00e0ng"},"content":{"rendered":"<p><img loading=\"lazy\" decoding=\"async\" class=\"aligncenter size-full wp-image-499\" src=\"https:\/\/tuankhangmedical.com\/wp-content\/uploads\/2021\/07\/IMG_7773-1.jpg\" alt=\"h\u01b0\u1edbng d\u1eabn mua h\u00e0ng\" width=\"918\" height=\"458\" \/><\/p>\n<h3><\/h3>\n<h3><\/h3>\n<h3><\/h3>\n<h3><\/h3>\n<h3><\/h3>\n<h3><\/h3>\n<h3><\/h3>\n<h3><\/h3>\n<h3><\/h3>\n<h3><\/h3>\n<h3><\/h3>\n<h2><strong>H\u01af\u1edaNG D\u1eaaN MUA H\u00c0NG T\u1ea0I C\u00d4NG TY TNHH D\u01af\u1ee2C V\u00c0 THI\u1ebeT B\u1eca Y T\u1ebe TU\u1ea4N KHANG<\/strong><\/h2>\n<p>M\u1ecdi th\u1eafc m\u1eafc xin Qu\u00fd kh\u00e1ch vui l\u00f2ng li\u00ean h\u1ec7 t\u1edbi D\u1ecaCH V\u1ee4 CH\u0102M S\u00d3C KH\u00c1CH H\u00c0NG c\u1ee7a ch\u00fang t\u00f4i t\u1ea1i \u0111\u1ecba ch\u1ec9 H\u00e0 N\u1ed9i:<\/p>\n<div class=\"description full col-xs-12\">\n<p>\u0110\u1ecba ch\u1ec9: S\u1ed1 23, Ng\u00f5 38 Ph\u01b0\u01a1ng Mai, Ph\u01b0\u1eddng Kim Li\u00ean, Qu\u1eadn \u0110\u1ed1ng \u0110a, H\u00e0 N\u1ed9i.<\/p>\n<p>Hotline: 0247 303 9993 \u2013 0902 102 228<\/p>\n<p>E-mail: tuankhangdental@gmail.com<\/p>\n<p>C\u00f4ng ty TNHH D\u01b0\u1ee3c &amp; Thi\u1ebft b\u1ecb Y t\u1ebf Tu\u1ea5n Khang xin ch\u00e2n th\u00e0nh c\u1ea3m \u01a1n Qu\u00fd kh\u00e1ch h\u00e0ng \u0111\u00e3 l\u1ef1a ch\u1ecdn mua h\u00e0ng c\u1ee7a C\u00f4ng ty. Ch\u00fang t\u00f4i ch\u1eafc ch\u1eafn Qu\u00fd kh\u00e1ch h\u00e0ng s\u1ebd h\u00e0i l\u00f2ng v\u1ec1 ch\u1ea5t l\u01b0\u1ee3ng &amp; s\u1ea3n ph\u1ea9m d\u1ecbch v\u1ee5 t\u1ed1t nh\u1ea5t t\u1eeb \u0111\u1ed9i ng\u0169 nh\u00e2n vi\u00ean t\u1ea1i C\u00f4ng ty TNHH D\u01b0\u1ee3c v\u00e0 Thi\u1ebft b\u1ecb Y t\u1ebf Tu\u1ea5n Khang.<\/p>\n<p>Xin ch\u00e2n th\u00e0nh c\u1ea3m \u01a1n Qu\u00fd kh\u00e1ch!<\/p>\n<\/div>\n<p>&nbsp;<\/p>\n<p>&nbsp;<\/p>\n<p>&nbsp;<\/p>\n<p>&nbsp;<\/p>\n<p>&nbsp;<\/p>\n<p>&nbsp;<\/p>\n<p>&nbsp;<\/p>\n<p>&nbsp;<\/p>\n<p>&nbsp;<\/p>\n<p>&nbsp;<\/p>\n<p>&nbsp;<\/p>\n<p>&nbsp;<\/p>\n<p>&nbsp;<\/p>\n<p>&nbsp;<\/p>\n<p>&nbsp;<\/p>\n<p>&nbsp;<\/p>\n<p>&nbsp;<\/p>\n<p>&nbsp;<\/p>\n<p>&nbsp;<\/p>\n","protected":false},"excerpt":{"rendered":"<p>H\u01af\u1edaNG D\u1eaaN MUA H\u00c0NG T\u1ea0I C\u00d4NG TY TNHH D\u01af\u1ee2C V\u00c0 THI\u1ebeT B\u1eca Y T\u1ebe TU\u1ea4N KHANG M\u1ecdi th\u1eafc m\u1eafc xin Qu\u00fd kh\u00e1ch vui l\u00f2ng li\u00ean h\u1ec7 t\u1edbi D\u1ecaCH V\u1ee4 CH\u0102M S\u00d3C KH\u00c1CH H\u00c0NG c\u1ee7a ch\u00fang t\u00f4i t\u1ea1i \u0111\u1ecba ch\u1ec9 H\u00e0 N\u1ed9i: \u0110\u1ecba ch\u1ec9: S\u1ed1 23, Ng\u00f5 38 Ph\u01b0\u01a1ng Mai, Ph\u01b0\u1eddng Kim Li\u00ean, Qu\u1eadn \u0110\u1ed1ng \u0110a, [&hellip;]<\/p>\n","protected":false},"author":1,"featured_media":0,"parent":0,"menu_order":0,"comment_status":"closed","ping_status":"closed","template":"","meta":{"_acf_changed":false,"footnotes":""},"class_list":["post-76","page","type-page","status-publish","hentry"],"acf":[],"_links":{"self":[{"href":"https:\/\/tuankhangmedical.com\/en\/wp-json\/wp\/v2\/pages\/76","targetHints":{"allow":["GET"]}}],"collection":[{"href":"https:\/\/tuankhangmedical.com\/en\/wp-json\/wp\/v2\/pages"}],"about":[{"href":"https:\/\/tuankhangmedical.com\/en\/wp-json\/wp\/v2\/types\/page"}],"author":[{"embeddable":true,"href":"https:\/\/tuankhangmedical.com\/en\/wp-json\/wp\/v2\/users\/1"}],"replies":[{"embeddable":true,"href":"https:\/\/tuankhangmedical.com\/en\/wp-json\/wp\/v2\/comments?post=76"}],"version-history":[{"count":11,"href":"https:\/\/tuankhangmedical.com\/en\/wp-json\/wp\/v2\/pages\/76\/revisions"}],"predecessor-version":[{"id":1424,"href":"https:\/\/tuankhangmedical.com\/en\/wp-json\/wp\/v2\/pages\/76\/revisions\/1424"}],"wp:attachment":[{"href":"https:\/\/tuankhangmedical.com\/en\/wp-json\/wp\/v2\/media?parent=76"}],"curies":[{"name":"wp","href":"https:\/\/api.w.org\/{rel}","templated":true}]}}