{"id":73,"date":"2021-06-11T13:04:28","date_gmt":"2021-06-11T06:04:28","guid":{"rendered":"http:\/\/tuankhangmedical.com\/?page_id=73"},"modified":"2025-01-03T17:22:40","modified_gmt":"2025-01-03T10:22:40","slug":"chinh-sach-doi-tra-hang-va-hoan-tien","status":"publish","type":"page","link":"https:\/\/tuankhangmedical.com\/en\/chinh-sach-doi-tra-hang-va-hoan-tien\/","title":{"rendered":"Ch\u00ednh s\u00e1ch \u0111\u1ed5i tr\u1ea3 h\u00e0ng v\u00e0 ho\u00e0n ti\u1ec1n"},"content":{"rendered":"<p>Nh\u1eb1m \u0111\u1ea3m b\u1ea3o quy\u1ec1n l\u1ee3i cho m\u1ecdi kh\u00e1ch h\u00e0ng v\u00e0 n\u00e2ng cao ch\u1ea5t l\u01b0\u1ee3ng d\u1ecbch v\u1ee5 sau b\u00e1n h\u00e0ng,\u00a0<span style=\"color: #013974;\"><strong>C\u00f4ng ty TNHH D\u01b0\u1ee3c v\u00e0 Thi\u1ebft b\u1ecb Y t\u1ebf Tu\u1ea5n Khang<\/strong><\/span>\u00a0s\u1ebd h\u1ed7 tr\u1ee3 Qu\u00fd kh\u00e1ch \u0111\u1ed5i\/ tr\u1ea3 s\u1ea3n ph\u1ea9m m\u1edbi n\u1ebfu s\u1ea3n ph\u1ea9m g\u1eb7p l\u1ed7i do t\u1eeb ph\u00eda C\u00f4ng ty ho\u1eb7c nh\u00e0 s\u1ea3n xu\u1ea5t.<\/p>\n<p>&nbsp;<\/p>\n<p><span style=\"color: #013974; font-size: 20px;\"><strong>1- \u0110i\u1ec1u ki\u1ec7n \u0111\u1ed5i\/ tr\u1ea3 h\u00e0ng<\/strong><\/span><\/p>\n<p><em>&#8211; Quy \u0111\u1ecbnh chung:\u00a0<\/em><\/p>\n<p>S\u1ea3n ph\u1ea9m c\u00f2n trong t\u00ecnh tr\u1ea1ng ban \u0111\u1ea7u khi nh\u1eadn h\u00e0ng, c\u00f2n nguy\u00ean tem, nh\u00e3n m\u00e1c, ch\u01b0a qua s\u1eed d\u1ee5ng, kh\u00f4ng b\u1ecb h\u01b0 h\u1ecfng hay tr\u1ea7y x\u01b0\u1edbc, trong th\u1eddi gian b\u1ea3o h\u00e0nh v\u00e0 c\u00f3 h\u00f3a \u0111\u01a1n mua h\u00e0ng.<\/p>\n<p>\u0110\u0103ng k\u00fd \u0111\u1ed5i\/tr\u1ea3 s\u1ea3n ph\u1ea9m trong v\u00f2ng 02 ng\u00e0y c\u0103n c\u1ee9 t\u1eeb ng\u00e0y mua h\u00e0ng \u0111\u01b0\u1ee3c in tr\u00ean h\u00f3a \u0111\u01a1n.<\/p>\n<p><em>&#8211; V\u1ea5n \u0111\u1ec1 \u0111\u1ed5i h\u00e0ng:<\/em><\/p>\n<p>Qu\u00fd Kh\u00e1ch h\u00e0ng c\u1ea7n ki\u1ec3m tra t\u00ecnh tr\u1ea1ng h\u00e0ng h\u00f3a v\u00e0 c\u00f3 th\u1ec3 \u0111\u1ed5i h\u00e0ng\/ tr\u1ea3 l\u1ea1i h\u00e0ng ngay t\u1ea1i th\u1eddi \u0111i\u1ec3m giao\/nh\u1eadn h\u00e0ng trong nh\u1eefng tr\u01b0\u1eddng h\u1ee3p sau:<\/p>\n<p style=\"padding-left: 40px;\">+ H\u00e0ng kh\u00f4ng \u0111\u00fang ch\u1ee7ng lo\u1ea1i, m\u1eabu m\u00e3 trong \u0111\u01a1n h\u00e0ng \u0111\u00e3 \u0111\u1eb7t ho\u1eb7c nh\u01b0 tr\u00ean website tuankhangmedical.com t\u1ea1i th\u1eddi \u0111i\u1ec3m \u0111\u1eb7t h\u00e0ng.<\/p>\n<p style=\"padding-left: 40px;\">+ Kh\u00f4ng \u0111\u1ee7 s\u1ed1 l\u01b0\u1ee3ng, kh\u00f4ng \u0111\u1ee7 b\u1ed9 nh\u01b0 trong \u0111\u01a1n h\u00e0ng.<\/p>\n<p style=\"padding-left: 40px;\">+ Kh\u00e1ch h\u00e0ng c\u00f3 tr\u00e1ch nhi\u1ec7m tr\u00ecnh gi\u1ea5y t\u1edd li\u00ean quan ch\u1ee9ng minh s\u1ef1 thi\u1ebfu s\u00f3t tr\u00ean \u0111\u1ec3 ho\u00e0n th\u00e0nh vi\u1ec7c ho\u00e0n tr\u1ea3\/\u0111\u1ed5i tr\u1ea3 h\u00e0ng h\u00f3a.<\/p>\n<p>*L\u01b0u \u00fd: C\u00f4ng ty kh\u00f4ng th\u1ef1c hi\u1ec7n \u0111\u1ed5i tr\u1ea3 s\u1ea3n ph\u1ea9m, khi:<\/p>\n<p>Kh\u00e1ch h\u00e0ng kh\u00f4ng tu\u00e2n th\u1ee7 c\u00e1c quy \u0111\u1ecbnh c\u1ee7a nh\u00e0 s\u1ea3n xu\u1ea5t.<\/p>\n<p>Kh\u00e1ch h\u00e0ng s\u1eed d\u1ee5ng kh\u00f4ng \u0111\u00fang h\u01b0\u1edbng d\u1eabn g\u00e2y h\u01b0 h\u1ecfng s\u1ea3n ph\u1ea9m.<\/p>\n<p><em>&#8211; Chi ph\u00ed g\u1eedi tr\u1ea3 h\u00e0ng:<\/em><\/p>\n<p style=\"padding-left: 40px;\">+ Tr\u01b0\u1eddng h\u1ee3p v\u1ea5n \u0111\u1ec1 \u0111\u1ed1i h\u00e0ng xu\u1ea5t ph\u00e1t t\u1eeb ph\u00eda kh\u00e1ch h\u00e0ng, kh\u00e1ch h\u00e0ng s\u1ebd ph\u1ea3i tr\u1ea3 chi ph\u00ed giao h\u00e0ng.<\/p>\n<p style=\"padding-left: 40px;\">+ Tr\u01b0\u1eddng h\u1ee3p v\u1ea5n \u0111\u1ec1 \u0111\u1ed5i\/ tr\u1ea3 h\u00e0ng do l\u1ed7i t\u1eeb ph\u00eda C\u00f4ng ty ho\u1eb7c nh\u00e0 s\u1ea3n xu\u1ea5t, C\u00f4ng ty s\u1ebd ch\u1ecbu 100% chi ph\u00ed v\u1eadn chuy\u1ec3n \u0111\u1ed5i\/ tr\u1ea3 s\u1ea3n ph\u1ea9m.<\/p>\n<p>&nbsp;<\/p>\n<p><span style=\"color: #013974; font-size: 20px;\"><strong>2-<\/strong> <strong>Quy tr\u00ecnh x\u1eed l\u00fd th\u1ee7 t\u1ee5c \u0111\u1ed5i tr\u1ea3 h\u00e0ng:<\/strong><\/span><\/p>\n<p>Qu\u00fd kh\u00e1ch li\u00ean h\u1ec7 tr\u1ef1c ti\u1ebfp v\u1edbi C\u00f4ng ty TNHH D\u01b0\u1ee3c v\u00e0 Thi\u1ebft b\u1ecb Y t\u1ebf Tu\u1ea5n Khang th\u00f4ng qua b\u1ed9 ph\u1eadn ch\u0103m s\u00f3c kh\u00e1ch h\u00e0ng theo s\u1ed1 m\u00e1y: 0247 303 9993<\/p>\n<p>Sau \u0111\u00f3 Qu\u00fd kh\u00e1ch l\u00e0m theo h\u01b0\u1edbng d\u1eabn v\u00e0 g\u1eedi l\u1ea1i h\u00e0ng theo \u0111\u1ecba ch\u1ec9 C\u00f4ng ty: S\u1ed1 23, ng\u00f5 38 Ph\u01b0\u01a1ng Mai, Ph\u01b0\u1eddng Kim Li\u00ean, Qu\u1eadn \u0110\u1ed1ng \u0110a, H\u00e0 N\u1ed9i.<\/p>\n<p>Sau khi c\u00f3 Gi\u1ea5y x\u00e1c nh\u1eadn t\u00ecnh tr\u1ea1ng s\u1ea3n ph\u1ea9m v\u1edbi n\u1ed9i dung h\u00e0ng h\u00f3a h\u01b0 h\u1ecfng do l\u1ed7i t\u1eeb ph\u00eda nh\u00e0 s\u1ea3n xu\u1ea5t, vi\u1ec7c \u0111\u1ed5i tr\u1ea3 h\u00e0ng s\u1ebd \u0111\u01b0\u1ee3c th\u1ef1c hi\u1ec7n theo \u0111\u00fang quy \u0111\u1ecbnh.<\/p>\n<p>T\u00f9y t\u1eebng t\u00ecnh tr\u1ea1ng l\u1ed7i t\u1eeb ph\u00eda nh\u00e0 s\u1ea3n xu\u1ea5t, C\u00f4ng ty s\u1ebd x\u1eed l\u00fd trong kho\u1ea3ng 05 \u0111\u1ebfn 10 ng\u00e0y k\u1ec3 t\u1eeb ng\u00e0y nh\u1eadn \u0111\u01b0\u1ee3c s\u1ea3n ph\u1ea9m l\u1ed7i v\u00e0 th\u00f4ng tin l\u1ea1i ho\u1eb7c ho\u00e0n ti\u1ec1n l\u1ea1i cho Qu\u00fd kh\u00e1ch h\u00e0ng theo \u0111\u00fang th\u1ecfa thu\u1eadn<\/p>\n<p>Li\u00ean h\u1ec7 l\u00e0m th\u1ee7 t\u1ee5c \u0111\u1ed5i tr\u1ea3 h\u00e0ng: Hotline: 0247 303 9993 ho\u1eb7c E-mail: tuankhangdental@gmail.com<\/p>\n<p>&nbsp;<\/p>\n<p><span style=\"color: #013974; font-size: 20px;\"><strong>3- Ch\u00ednh s\u00e1ch ho\u00e0n ti\u1ec1n<\/strong><\/span><\/p>\n<p>&#8211; \u0110\u1ed1i v\u1edbi tr\u01b0\u1eddng h\u1ee3p thanh to\u00e1n tr\u01b0\u1edbc, kh\u00e1ch h\u00e0ng s\u1ebd \u0111\u01b0\u1ee3c ho\u00e0n ti\u1ec1n khi h\u00e0ng nh\u1eadn b\u1ecb l\u1ed7i do s\u1ea3n xu\u1ea5t v\u00e0 kh\u00e1ch h\u00e0ng tr\u1ea3 h\u00e0ng kh\u00f4ng c\u00f3 nhu c\u1ea7u \u0111\u1ed5i sang s\u1ea3n ph\u1ea9m kh\u00e1c.<\/p>\n<p>&#8211; Th\u1eddi gian ho\u00e0n ti\u1ec1n: T\u1eeb 05 \u0111\u1ebfn 07 ng\u00e0y k\u1ec3 t\u1eeb khi C\u00f4ng ty nh\u1eadn \u0111\u01b0\u1ee3c h\u00e0ng tr\u1ea3 t\u1eeb kh\u00e1ch h\u00e0ng. Ti\u1ec1n \u0111\u01b0\u1ee3c ho\u00e0n v\u00e0o t\u00e0i kho\u1ea3n c\u00e1 nh\u00e2n c\u1ee7a kh\u00e1ch h\u00e0ng cung c\u1ea5p.<\/p>\n<p><span style=\"color: #013974;\"><strong>*L\u01b0u \u00fd: \u0110\u1ed1i v\u1edbi s\u1ea3n ph\u1ea9m \u0111\u1ed5i\/tr\u1ea3, Kh\u00e1ch h\u00e0ng vui l\u00f2ng b\u1ecdc k\u1ef9 v\u00e0 c\u00f3 k\u00e8m theo ch\u1ed1ng s\u1ed1c, c\u00f3 quay l\u1ea1i video l\u00fac b\u1ecdc h\u00e0ng nh\u1eb1m tr\u00e1nh tr\u01b0\u1eddng h\u1ee3p h\u00e0ng ho\u00e0n c\u00f3 th\u00eam v\u1ea5n \u0111\u1ec1 ph\u00e1t sinh.<\/strong><\/span><\/p>\n<p>Trong tr\u01b0\u1eddng h\u1ee3p Qu\u00fd Kh\u00e1ch h\u00e0ng c\u00f3 \u00fd ki\u1ebfn \u0111\u00f3ng g\u00f3p\/khi\u1ebfu n\u1ea1i li\u00ean quan \u0111\u1ebfn ch\u1ea5t l\u01b0\u1ee3ng s\u1ea3n ph\u1ea9m, d\u1ecbch v\u1ee5 ho\u1eb7c th\u00e1i \u0111\u1ed9 nh\u00e2n vi\u00ean c\u1ee7a C\u00f4ng ty Tu\u1ea5n Khang, Qu\u00fd Kh\u00e1ch h\u00e0ng vui l\u00f2ng li\u00ean h\u1ec7 tr\u1ef1c ti\u1ebfp v\u00e0o s\u1ed1 m\u00e1y: 0902 102 228 \u0111\u1ec3 \u0111\u01b0\u1ee3c gi\u1ea3i quy\u1ebft nhanh nh\u1ea5t.<\/p>\n<p>M\u1ecdi th\u1eafc m\u1eafc xin Qu\u00fd kh\u00e1ch vui l\u00f2ng li\u00ean h\u1ec7 t\u1edbi D\u1ecaCH V\u1ee4 CH\u0102M S\u00d3C KH\u00c1CH H\u00c0NG c\u1ee7a ch\u00fang t\u00f4i t\u1ea1i \u0111\u1ecba ch\u1ec9 H\u00e0 N\u1ed9i:<\/p>\n<div class=\"description full col-xs-12\">\n<p>*\u0110\u1ecba ch\u1ec9: S\u1ed1 23, ng\u00f5 38 Ph\u01b0\u01a1ng Mai, Ph\u01b0\u1eddng Kim Li\u00ean, Qu\u1eadn \u0110\u1ed1ng \u0110a, H\u00e0 N\u1ed9i.<br \/>\n<span style=\"color: #000000;\">S\u1ed1 \u0111i\u1ec7n tho\u1ea1i:<\/span>\u00a00247 303 9993 \u2013 0902 102 228 ho\u1eb7c \u0111\u1ecba ch\u1ec9 E-mail: tuankhangdental@gmail.com<\/p>\n<p>&nbsp;<\/p>\n<p><em><strong><span style=\"color: #013974;\">C\u00d4NG TY TNHH D\u01af\u1ee2C V\u00c0 THI\u1ebeT B\u1eca Y T\u1ebe TU\u1ea4N KHANG<\/span><\/strong>\u00a0<span style=\"color: #000000;\">xin ch\u00e2n th\u00e0nh c\u1ea3m \u01a1n Qu\u00fd kh\u00e1ch h\u00e0ng \u0111\u00e3 l\u1ef1a ch\u1ecdn mua h\u00e0ng c\u1ee7a C\u00f4ng ty. Ch\u1eafc ch\u1eafn Qu\u00fd kh\u00e1ch h\u00e0ng s\u1ebd h\u00e0i l\u00f2ng v\u1ec1 ch\u1ea5t l\u01b0\u1ee3ng d\u1ecbch v\u1ee5 &amp; th\u00e1i \u0111\u1ed9 ph\u1ee5c v\u1ee5 t\u1ed1t nh\u1ea5t t\u1eeb \u0111\u1ed9i ng\u0169 nh\u00e2n vi\u00ean t\u1ea1i C\u00f4ng ty TNHH D\u01b0\u1ee3c v\u00e0 Thi\u1ebft b\u1ecb Y t\u1ebf Tu\u1ea5n Khang.<\/span><\/em><\/p>\n<p><span style=\"color: #000000;\">Xin ch\u00e2n th\u00e0nh c\u1ea3m \u01a1n Qu\u00fd kh\u00e1ch !<\/span><\/p>\n<\/div>\n<p style=\"text-align: left;\">\n","protected":false},"excerpt":{"rendered":"<p>Nh\u1eb1m \u0111\u1ea3m b\u1ea3o quy\u1ec1n l\u1ee3i cho m\u1ecdi kh\u00e1ch h\u00e0ng v\u00e0 n\u00e2ng cao ch\u1ea5t l\u01b0\u1ee3ng d\u1ecbch v\u1ee5 sau b\u00e1n h\u00e0ng,\u00a0C\u00f4ng ty TNHH D\u01b0\u1ee3c v\u00e0 Thi\u1ebft b\u1ecb Y t\u1ebf Tu\u1ea5n Khang\u00a0s\u1ebd h\u1ed7 tr\u1ee3 Qu\u00fd kh\u00e1ch \u0111\u1ed5i\/ tr\u1ea3 s\u1ea3n ph\u1ea9m m\u1edbi n\u1ebfu s\u1ea3n ph\u1ea9m g\u1eb7p l\u1ed7i do t\u1eeb ph\u00eda C\u00f4ng ty ho\u1eb7c nh\u00e0 s\u1ea3n xu\u1ea5t. &nbsp; 1- \u0110i\u1ec1u [&hellip;]<\/p>\n","protected":false},"author":1,"featured_media":0,"parent":0,"menu_order":0,"comment_status":"closed","ping_status":"closed","template":"","meta":{"_acf_changed":false,"footnotes":""},"class_list":["post-73","page","type-page","status-publish","hentry"],"acf":[],"_links":{"self":[{"href":"https:\/\/tuankhangmedical.com\/en\/wp-json\/wp\/v2\/pages\/73","targetHints":{"allow":["GET"]}}],"collection":[{"href":"https:\/\/tuankhangmedical.com\/en\/wp-json\/wp\/v2\/pages"}],"about":[{"href":"https:\/\/tuankhangmedical.com\/en\/wp-json\/wp\/v2\/types\/page"}],"author":[{"embeddable":true,"href":"https:\/\/tuankhangmedical.com\/en\/wp-json\/wp\/v2\/users\/1"}],"replies":[{"embeddable":true,"href":"https:\/\/tuankhangmedical.com\/en\/wp-json\/wp\/v2\/comments?post=73"}],"version-history":[{"count":27,"href":"https:\/\/tuankhangmedical.com\/en\/wp-json\/wp\/v2\/pages\/73\/revisions"}],"predecessor-version":[{"id":1477,"href":"https:\/\/tuankhangmedical.com\/en\/wp-json\/wp\/v2\/pages\/73\/revisions\/1477"}],"wp:attachment":[{"href":"https:\/\/tuankhangmedical.com\/en\/wp-json\/wp\/v2\/media?parent=73"}],"curies":[{"name":"wp","href":"https:\/\/api.w.org\/{rel}","templated":true}]}}