{"id":71,"date":"2021-06-11T13:04:16","date_gmt":"2021-06-11T06:04:16","guid":{"rendered":"http:\/\/tuankhangmedical.com\/?page_id=71"},"modified":"2025-01-03T16:03:43","modified_gmt":"2025-01-03T09:03:43","slug":"chinh-sach-giao-nhan-va-thanh-toan","status":"publish","type":"page","link":"https:\/\/tuankhangmedical.com\/en\/chinh-sach-giao-nhan-va-thanh-toan\/","title":{"rendered":"Ch\u00ednh s\u00e1ch giao nh\u1eadn v\u00e0 thanh to\u00e1n"},"content":{"rendered":"<h3 style=\"text-align: left;\"><span style=\"color: #013974;\">1- Ch\u00ednh s\u00e1ch giao nh\u1eadn:<\/span><\/h3>\n<p style=\"text-align: left;\"><span style=\"color: #000000;\">&#8211; Ngh\u0129a v\u1ee5 c\u1ee7a ng\u01b0\u1eddi b\u00e1n v\u00e0 ngh\u0129a v\u1ee5 c\u1ee7a kh\u00e1ch h\u00e0ng trong m\u1ed7i giao d\u1ecbch:<\/span><\/p>\n<p style=\"text-align: left; padding-left: 40px;\"><span style=\"color: #000000;\">+ Ngh\u0129a v\u1ee5 c\u1ee7a ng\u01b0\u1eddi b\u00e1n: S\u1ea3n ph\u1ea9m khi giao ph\u1ea3i nguy\u00ean h\u1ed9p, c\u00f3 tem m\u00e1c v\u00e0 c\u00f3 ni\u00eam phong r\u00f5 r\u00e0ng.<\/span><\/p>\n<p style=\"text-align: left; padding-left: 40px;\"><span style=\"color: #000000;\">+ Ngh\u0129a v\u1ee5 c\u1ee7a kh\u00e1ch h\u00e0ng: Kh\u00e1ch h\u00e0ng khi nh\u1eadn h\u00e0ng ph\u1ea3i ki\u1ec3m tra k\u1ef9 s\u1ea3n ph\u1ea9m v\u00e0 k\u00fd v\u00e0o x\u00e1c nh\u1eadn \u0111\u01a1n h\u00e0ng.<\/span><\/p>\n<p style=\"text-align: left;\"><span style=\"color: #000000;\">&#8211; \u0110\u1ecba ch\u1ec9 thanh to\u00e1n s\u1ebd l\u00e0 \u0111\u1ecba ch\u1ec9 kh\u00e1ch h\u00e0ng \u0111\u00e3 \u0111\u0103ng k\u00fd. Khi giao h\u00e0ng nh\u00e2n vi\u00ean s\u1ebd nh\u1eadn thanh to\u00e1n ti\u1ec1n m\u1eb7t tr\u1ef1c ti\u1ebfp t\u1eeb qu\u00fd kh\u00e1ch.<\/span><\/p>\n<p style=\"text-align: left;\"><span style=\"color: #000000;\">&#8211; Nh\u00e2n vi\u00ean giao h\u00e0ng s\u1ebd cung c\u1ea5p cho qu\u00fd kh\u00e1ch \u0111\u1ea7y \u0111\u1ee7 ho\u00e1 \u0111\u01a1n v\u00e0 chi ti\u1ebft h\u00e0ng h\u00f3a.<\/span><\/p>\n<p>&nbsp;<\/p>\n<h3 style=\"text-align: left;\"><span style=\"color: #013974;\">2- Ch\u00ednh s\u00e1ch thanh to\u00e1n:<\/span><\/h3>\n<p><span style=\"color: #000000;\">&#8211; Ph\u01b0\u01a1ng th\u1ee9c thanh to\u00e1n: Kh\u00e1ch h\u00e0ng c\u00f3 th\u1ec3 thanh to\u00e1n theo 2 h\u00ecnh th\u1ee9c: Ti\u1ec1n m\u1eb7t ho\u1eb7c Chuy\u1ec3n kho\u1ea3n.<\/span><\/p>\n<p><span style=\"color: #000000;\">V\u1edbi h\u00ecnh th\u1ee9c thanh to\u00e1n b\u1eb1ng ph\u01b0\u01a1ng th\u1ee9c Chuy\u1ec3n kho\u1ea3n, Kh\u00e1ch h\u00e0ng vui l\u00f2ng thanh to\u00e1n qua t\u00e0i kho\u1ea3n sau:<\/span><\/p>\n<p><span style=\"color: #000000;\">Ch\u1ee7 t\u00e0i kho\u1ea3n:<\/span> <span style=\"color: #013974;\"><strong>C\u00d4NG TY TNHH D\u01af\u1ee2C V\u00c0 TBYT TU\u1ea4N KHANG<\/strong><\/span><\/p>\n<p><span style=\"color: #000000;\">T\u1ea1i:<\/span> <span style=\"color: #013974;\"><strong>Ng\u00e2n h\u00e0ng<\/strong> <strong>Th\u01b0\u01a1ng m\u1ea1i c\u1ed5 ph\u1ea7n K\u1ef9 Th\u01b0\u01a1ng Vi\u1ec7t Nam (Techcombank)\u00a0&#8211; Chi nh\u00e1nh H\u00e0 N\u1ed9i<\/strong><\/span><\/p>\n<p>S\u1ed1 t\u00e0i kho\u1ea3n : <span style=\"color: #013974;\"><strong>1913.2850.332015<\/strong><\/span><\/p>\n<p><span style=\"color: #000000;\">N\u1ed9i dung chuy\u1ec3n kho\u1ea3n: m\u00e3 \u0111\u01a1n h\u00e0ng\u2026.v\u00e0\/ho\u1eb7c s\u1ed1 \u0111i\u1ec7n tho\u1ea1i mua h\u00e0ng.<\/span><\/p>\n<p><span style=\"color: #000000;\">M\u00e3 s\u1ed1 \u0111\u01a1n h\u00e0ng s\u1ebd \u0111\u01b0\u1ee3c C\u00f4ng ty Tu\u1ea5n Khang th\u00f4ng b\u00e1o qua E-mail \u0111\u1ebfn kh\u00e1ch h\u00e0ng.<\/span><\/p>\n<p><span style=\"color: #000000;\">* Ri\u00eang \u0111\u1ed1i v\u1edbi h\u00ecnh th\u1ee9c thanh to\u00e1n b\u1eb1ng h\u00ecnh th\u1ee9c Chuy\u1ec3n kho\u1ea3n:<\/span><\/p>\n<p style=\"padding-left: 40px;\"><span style=\"color: #000000;\">+ Khi nh\u1eadn \u0111\u01a1n \u0111\u1eb7t h\u00e0ng t\u1eeb ph\u00eda kh\u00e1ch h\u00e0ng, C\u00f4ng ty Tu\u1ea5n Khang s\u1ebd E-mail, nh\u1eafn tin ho\u1eb7c g\u1ecdi \u0111i\u1ec7n x\u00e1c nh\u1eadn \u0111\u1eb7t h\u00e0ng v\u00e0 ch\u1edd nh\u1eadn thanh to\u00e1n c\u1ee7a qu\u00fd kh\u00e1ch.<\/span><\/p>\n<p style=\"padding-left: 40px;\"><span style=\"color: #000000;\">+ Sau khi nh\u1eadn \u0111\u01b0\u1ee3c x\u00e1c nh\u1eadn t\u1eeb ph\u00eda ng\u00e2n h\u00e0ng, C\u00f4ng ty Tu\u1ea5n Khang s\u1ebd g\u1ecdi \u0111i\u1ec7n th\u00f4ng b\u00e1o x\u00e1c nh\u1eadn l\u1ea1i v\u1edbi kh\u00e1ch h\u00e0ng, \u0111\u1ed3ng th\u1eddi ti\u1ebfn h\u00e0nh giao h\u00e0ng v\u00e0 g\u1eedi h\u00f3a \u0111\u01a1n \u0111\u1ea7y \u0111\u1ee7 cho kh\u00e1ch h\u00e0ng.<\/span><\/p>\n<p><span style=\"color: #000000;\">&#8211; \u0110\u1ecba ch\u1ec9 giao h\u00e0ng b\u00ean ngo\u00e0i ph\u1ea1m vi TP.H\u00e0 N\u1ed9i, ph\u1ea3i g\u1eedi theo \u0111\u01b0\u1eddng b\u01b0u \u0111i\u1ec7n, chuy\u1ec3n ph\u00e1t nhanh..v.v.<\/span><\/p>\n<p>&nbsp;<\/p>\n<h3 style=\"text-align: left;\"><span style=\"color: #013974;\">3- Thanh to\u00e1n theo \u0111\u1ecbnh k\u1ef3:<\/span><\/h3>\n<p style=\"text-align: left;\"><span style=\"color: #000000;\">C\u00f4ng ty c\u0169ng \u00e1p d\u1ee5ng ch\u1ebf \u0111\u1ed9 nh\u1eadn thanh to\u00e1n \u0111\u1ecbnh k\u1ef3 h\u00e0ng tu\u1ea7n (hay h\u00e0ng th\u00e1ng) cho c\u00e1c Qu\u00fd Kh\u00e1ch h\u00e0ng theo y\u00eau c\u1ea7u th\u1ecfa thu\u1eadn ri\u00eang.<\/span><\/p>\n<p><span style=\"color: #000000;\">M\u1ecdi th\u1eafc m\u1eafc xin Qu\u00fd kh\u00e1ch vui l\u00f2ng li\u00ean h\u1ec7 t\u1edbi D\u1ecaCH V\u1ee4 CH\u0102M S\u00d3C KH\u00c1CH H\u00c0NG c\u1ee7a ch\u00fang t\u00f4i t\u1ea1i \u0111\u1ecba ch\u1ec9 H\u00e0 N\u1ed9i:<\/span><\/p>\n<div class=\"description full col-xs-12\">\n<p><span style=\"color: #000000;\">*\u0110\u1ecba ch\u1ec9: S\u1ed1 23, Ng\u00f5 38 Ph\u01b0\u01a1ng Mai, Ph\u01b0\u1eddng Kim Li\u00ean, Qu\u1eadn \u0110\u1ed1ng \u0110a, H\u00e0 N\u1ed9i.<\/span><br \/>\n<span style=\"color: #000000;\">S\u1ed1 \u0111i\u1ec7n tho\u1ea1i:\u00a00247 303 9993 \u2013 0902 102 228 ho\u1eb7c \u0111\u1ecba ch\u1ec9 E-mail: tuankhangdental@gmail.com<\/span><\/p>\n<p>&nbsp;<\/p>\n<p><em><strong><span style=\"color: #013974;\">C\u00d4NG TY TNHH D\u01af\u1ee2C V\u00c0 THI\u1ebeT B\u1eca Y T\u1ebe TU\u1ea4N KHANG<\/span><\/strong>\u00a0<span style=\"color: #000000;\">xin ch\u00e2n th\u00e0nh c\u1ea3m \u01a1n Qu\u00fd kh\u00e1ch h\u00e0ng \u0111\u00e3 l\u1ef1a ch\u1ecdn mua h\u00e0ng c\u1ee7a C\u00f4ng ty. Ch\u1eafc ch\u1eafn Qu\u00fd kh\u00e1ch h\u00e0ng s\u1ebd h\u00e0i l\u00f2ng v\u1ec1 ch\u1ea5t l\u01b0\u1ee3ng d\u1ecbch v\u1ee5 &amp; th\u00e1i \u0111\u1ed9 ph\u1ee5c v\u1ee5 t\u1ed1t nh\u1ea5t t\u1eeb \u0111\u1ed9i ng\u0169 nh\u00e2n vi\u00ean t\u1ea1i C\u00f4ng ty TNHH D\u01b0\u1ee3c v\u00e0 Thi\u1ebft b\u1ecb Y t\u1ebf Tu\u1ea5n Khang.<\/span><\/em><\/p>\n<p>&nbsp;<\/p>\n<p><span style=\"color: #000000;\">Xin ch\u00e2n th\u00e0nh c\u1ea3m \u01a1n Qu\u00fd kh\u00e1ch!<\/span><\/p>\n<\/div>\n","protected":false},"excerpt":{"rendered":"<p>1- Ch\u00ednh s\u00e1ch giao nh\u1eadn: &#8211; Ngh\u0129a v\u1ee5 c\u1ee7a ng\u01b0\u1eddi b\u00e1n v\u00e0 ngh\u0129a v\u1ee5 c\u1ee7a kh\u00e1ch h\u00e0ng trong m\u1ed7i giao d\u1ecbch: + Ngh\u0129a v\u1ee5 c\u1ee7a ng\u01b0\u1eddi b\u00e1n: S\u1ea3n ph\u1ea9m khi giao ph\u1ea3i nguy\u00ean h\u1ed9p, c\u00f3 tem m\u00e1c v\u00e0 c\u00f3 ni\u00eam phong r\u00f5 r\u00e0ng. + Ngh\u0129a v\u1ee5 c\u1ee7a kh\u00e1ch h\u00e0ng: Kh\u00e1ch h\u00e0ng khi nh\u1eadn h\u00e0ng ph\u1ea3i [&hellip;]<\/p>\n","protected":false},"author":1,"featured_media":182,"parent":0,"menu_order":0,"comment_status":"closed","ping_status":"closed","template":"","meta":{"_acf_changed":false,"footnotes":""},"class_list":["post-71","page","type-page","status-publish","has-post-thumbnail","hentry"],"acf":[],"_links":{"self":[{"href":"https:\/\/tuankhangmedical.com\/en\/wp-json\/wp\/v2\/pages\/71","targetHints":{"allow":["GET"]}}],"collection":[{"href":"https:\/\/tuankhangmedical.com\/en\/wp-json\/wp\/v2\/pages"}],"about":[{"href":"https:\/\/tuankhangmedical.com\/en\/wp-json\/wp\/v2\/types\/page"}],"author":[{"embeddable":true,"href":"https:\/\/tuankhangmedical.com\/en\/wp-json\/wp\/v2\/users\/1"}],"replies":[{"embeddable":true,"href":"https:\/\/tuankhangmedical.com\/en\/wp-json\/wp\/v2\/comments?post=71"}],"version-history":[{"count":17,"href":"https:\/\/tuankhangmedical.com\/en\/wp-json\/wp\/v2\/pages\/71\/revisions"}],"predecessor-version":[{"id":1474,"href":"https:\/\/tuankhangmedical.com\/en\/wp-json\/wp\/v2\/pages\/71\/revisions\/1474"}],"wp:featuredmedia":[{"embeddable":true,"href":"https:\/\/tuankhangmedical.com\/en\/wp-json\/wp\/v2\/media\/182"}],"wp:attachment":[{"href":"https:\/\/tuankhangmedical.com\/en\/wp-json\/wp\/v2\/media?parent=71"}],"curies":[{"name":"wp","href":"https:\/\/api.w.org\/{rel}","templated":true}]}}