{"id":502,"date":"2021-07-15T14:53:40","date_gmt":"2021-07-15T07:53:40","guid":{"rendered":"https:\/\/tuankhangmedical.com\/?page_id=502"},"modified":"2025-01-03T10:42:22","modified_gmt":"2025-01-03T03:42:22","slug":"chinh-sach-bao-mat","status":"publish","type":"page","link":"https:\/\/tuankhangmedical.com\/en\/chinh-sach-bao-mat\/","title":{"rendered":"Ch\u00ednh s\u00e1ch b\u1ea3o m\u1eadt"},"content":{"rendered":"<p><span style=\"color: #013974;\"><strong>Ch\u00ednh s\u00e1ch B\u1ea3o v\u1ec7 th\u00f4ng tin c\u00e1 nh\u00e2n<\/strong><\/span><\/p>\n<p>B\u1ea3o v\u1ec7 d\u1eef li\u1ec7u c\u00e1 nh\u00e2n v\u00e0 g\u00e2y d\u1ef1ng \u0111\u01b0\u1ee3c ni\u1ec1m tin cho Kh\u00e1ch h\u00e0ng l\u00e0 v\u1ea5n \u0111\u1ec1 r\u1ea5t quan tr\u1ecdng v\u1edbi c\u00f4ng ty. V\u00ec v\u1eady, ch\u00fang t\u00f4i s\u1ebd d\u00f9ng t\u00ean v\u00e0 c\u00e1c th\u00f4ng tin kh\u00e1c li\u00ean quan \u0111\u1ebfn kh\u00e1ch h\u00e0ng nh\u1eb1m tu\u00e2n th\u1ee7 theo n\u1ed9i dung c\u1ee7a ch\u00ednh s\u00e1ch b\u1ea3o m\u1eadt. Ch\u00fang t\u00f4i ch\u1ec9 thu th\u1eadp nh\u1eefng th\u00f4ng tin c\u1ea7n thi\u1ebft li\u00ean quan \u0111\u1ebfn giao d\u1ecbch mua b\u00e1n.<\/p>\n<p><span style=\"color: #013974;\"><strong><em>1- M\u1ee5c \u0111\u00edch thu th\u1eadp th\u00f4ng tin:<\/em><\/strong><\/span><\/p>\n<p>Vi\u1ec7c thu th\u1eadp d\u1eef li\u1ec7u c\u1ee7a website:\u00a0<strong><span style=\"color: #013974;\">tuankhangmedical.com<\/span><\/strong> s\u1ebd gi\u00fap ch\u00fang t\u00f4i:<\/p>\n<p>+ N\u1eafm b\u1eaft \u0111\u01b0\u1ee3c c\u00e1c y\u00eau c\u1ea7u, mong mu\u1ed1n c\u1ee7a kh\u00e1ch h\u00e0ng nh\u1eb1m n\u00e2ng cao ch\u1ea5t l\u01b0\u1ee3ng s\u1ea3n ph\u1ea9m.<\/p>\n<p>+ Gi\u00fap kh\u00e1ch h\u00e0ng c\u1eadp nh\u1eadt c\u00e1c th\u00f4ng tin ch\u01b0\u01a1ng tr\u00ecnh khuy\u1ebfn m\u1ea1i, gi\u1ea3m gi\u00e1 do ch\u00fang t\u00f4i t\u1ed5 ch\u1ee9c s\u1edbm nh\u1ea5t.<\/p>\n<p>+ H\u1ed7 tr\u1ee3 kh\u00e1ch h\u00e0ng khi c\u00f3 khi\u1ebfu n\u1ea1i, \u00fd ki\u1ebfn m\u1ed9t c\u00e1ch nhanh nh\u1ea5t.<\/p>\n<p><span style=\"color: #013974;\"><strong><em>2- Ph\u1ea1m vi thu th\u1eadp th\u00f4ng tin:<\/em><\/strong><\/span><\/p>\n<p>+ H\u1ecd v\u00e0 T\u00ean<\/p>\n<p>+ \u0110\u1ecba ch\u1ec9<\/p>\n<p>+ Email<\/p>\n<p>+ \u0110i\u1ec7n tho\u1ea1i<\/p>\n<p>+ N\u1ed9i dung c\u1ea7n li\u00ean h\u1ec7<\/p>\n<p><em><span style=\"color: #013974;\"><strong>3- Ph\u1ea1m vi s\u1eed d\u1ee5ng th\u00f4ng tin:<\/strong><\/span><\/em><\/p>\n<p>Th\u00f4ng tin thu th\u1eadp \u0111\u01b0\u1ee3c ch\u00fang t\u00f4i s\u1eed d\u1ee5ng cho c\u00e1c m\u1ee5c \u0111\u00edch sau:<\/p>\n<p>+ Giao h\u00e0ng cho qu\u00fd kh\u00e1ch \u0111\u00e3 mua h\u00e0ng t\u1ea1i\u00a0<span style=\"color: #013974;\"><strong>tuankhangmedical.com<\/strong><\/span><\/p>\n<p>+ Th\u00f4ng b\u00e1o v\u1ec1 vi\u1ec7c giao h\u00e0ng v\u00e0 h\u1ed7 tr\u1ee3 cho kh\u00e1ch h\u00e0ng.<\/p>\n<p>+ X\u1eed l\u00fd c\u00e1c \u0111\u01a1n \u0111\u1eb7t h\u00e0ng v\u00e0 cung c\u1ea5p s\u1ea3n ph\u1ea9m th\u00f4ng qua website:\u00a0<span style=\"color: #013974;\"><strong>tuankhangmedical.com<\/strong><\/span><\/p>\n<p>Ngo\u00e0i ra, c\u00e1c th\u00f4ng tin giao d\u1ecbch g\u1ed3m: l\u1ecbch s\u1eed mua h\u00e0ng, gi\u00e1 tr\u1ecb giao d\u1ecbch, ph\u01b0\u01a1ng th\u1ee9c v\u1eadn chuy\u1ec3n v\u00e0 thanh to\u00e1n c\u0169ng \u0111\u01b0\u1ee3c website:<strong>\u00a0<span style=\"color: #013974;\">tuankhangmedical.com <\/span><\/strong>l\u01b0u tr\u1eef nh\u1eb1m gi\u1ea3i quy\u1ebft nh\u1eefng v\u1ea5n \u0111\u1ec1 c\u00f3 th\u1ec3 ph\u00e1t sinh v\u1ec1 sau.<\/p>\n<p>Ch\u00fang t\u00f4i s\u1ebd kh\u00f4ng chia s\u1ebb th\u00f4ng tin kh\u00e1ch h\u00e0ng tr\u1eeb nh\u1eefng tr\u01b0\u1eddng h\u1ee3p c\u1ee5 th\u1ec3 sau \u0111\u00e2y:<\/p>\n<p>+ \u0110\u1ec3 b\u1ea3o v\u1ec7\u00a0<strong><span style=\"color: #013974;\">tuankhangmedical.com<\/span> <\/strong>v\u00e0 c\u00e1c b\u00ean th\u1ee9 ba kh\u00e1c: Ch\u00fang t\u00f4i ch\u1ec9 \u0111\u01b0a ra th\u00f4ng tin t\u00e0i kho\u1ea3n v\u00e0 nh\u1eefng th\u00f4ng tin c\u00e1 nh\u00e2n kh\u00e1c khi tin ch\u1eafc r\u1eb1ng vi\u1ec7c \u0111\u01b0a nh\u1eefng th\u00f4ng tin \u0111\u00f3 l\u00e0 ph\u00f9 h\u1ee3p v\u1edbi lu\u1eadt ph\u00e1p, b\u1ea3o v\u1ec7 quy\u1ec1n l\u1ee3i, t\u00e0i s\u1ea3n c\u1ee7a ng\u01b0\u1eddi s\u1eed d\u1ee5ng d\u1ecbch v\u1ee5, c\u1ee7a\u00a0<span style=\"color: #013974;\"><strong>tuankhangmedical.com <\/strong><\/span>v\u00e0 c\u00e1c b\u00ean th\u1ee9 ba kh\u00e1c.<\/p>\n<p>+ Theo y\u00eau c\u1ea7u ph\u00e1p l\u200e\u00fd t\u1eeb m\u1ed9t c\u01a1 quan ch\u00ednh ph\u1ee7 ho\u1eb7c khi ch\u00fang t\u00f4i tin r\u1eb1ng vi\u1ec7c l\u00e0m \u0111\u00f3 l\u00e0 c\u1ea7n thi\u1ebft v\u00e0 ph\u00f9 h\u1ee3p nh\u1eb1m tu\u00e2n theo c\u00e1c y\u00eau c\u1ea7u ph\u00e1p l\u200e\u00fd N\u00f3 ch\u1eafc ch\u1eafn kh\u00f4ng bao g\u1ed3m vi\u1ec7c b\u00e1n, chia s\u1ebb d\u1eabn \u0111\u1ebfn vi\u1ec7c l\u00e0m l\u1ed9 th\u00f4ng tin c\u00e1 nh\u00e2n c\u1ee7a kh\u00e1ch h\u00e0ng v\u00ec m\u1ee5c \u0111\u00edch th\u01b0\u01a1ng m\u1ea1i vi ph\u1ea1m nh\u1eefng cam k\u1ebft \u0111\u01b0\u1ee3c \u0111\u1eb7t ra trong quy \u0111\u1ecbnh Ch\u00ednh s\u00e1ch b\u1ea3o m\u1eadt th\u00f4ng tin kh\u00e1ch h\u00e0ng c\u1ee7a ch\u00fang t\u00f4i.<\/p>\n<p><span style=\"color: #013974;\"><strong><em>4- Th\u1eddi gian l\u01b0u tr\u1eef th\u00f4ng tin:<\/em><\/strong><\/span><\/p>\n<p>Ch\u00fang t\u00f4i s\u1ebd l\u01b0u tr\u1eef c\u00e1c th\u00f4ng tin c\u00e1 nh\u00e2n do kh\u00e1ch h\u00e0ng cung c\u1ea5p tr\u00ean c\u00e1c h\u1ec7 th\u1ed1ng n\u1ed9i b\u1ed9 c\u1ee7a ch\u00fang t\u00f4i trong qu\u00e1 tr\u00ecnh cung c\u1ea5p s\u1ea3n ph\u1ea9m cho kh\u00e1ch h\u00e0ng, cho \u0111\u1ebfn khi ho\u00e0n th\u00e0nh m\u1ee5c \u0111\u00edch thu th\u1eadp, ho\u1eb7c khi kh\u00e1ch h\u00e0ng c\u00f3 y\u00eau c\u1ea7u h\u1ee7y c\u00e1c th\u00f4ng tin \u0111\u00e3 cung c\u1ea5p.<\/p>\n<p><span style=\"color: #013974;\"><strong><em>5- Cam k\u1ebft b\u1ea3o m\u1eadt th\u00f4ng tin c\u00e1 nh\u00e2n kh\u00e1ch h\u00e0ng:<\/em><\/strong><\/span><\/p>\n<p>C\u00f4ng ty cam k\u1ebft b\u1ea3o \u0111\u1ea3m an to\u00e0n th\u00f4ng tin cho qu\u00fd kh\u00e1ch h\u00e0ng khi \u0111\u0103ng k\u00fd th\u00f4ng tin c\u00e1 nh\u00e2n v\u1edbi ch\u00fang t\u00f4i. Ch\u00fang t\u00f4i cam k\u1ebft kh\u00f4ng trao \u0111\u1ed5i mua b\u00e1n th\u00f4ng tin kh\u00e1ch h\u00e0ng v\u00ec m\u1ee5c \u0111\u00edch th\u01b0\u01a1ng m\u1ea1i. M\u1ecdi s\u1ef1 chia s\u1ebb v\u00e0 s\u1eed d\u1ee5ng th\u00f4ng tin kh\u00e1ch h\u00e0ng ch\u00fang t\u00f4i cam k\u1ebft th\u1ef1c hi\u1ec7n theo ch\u00ednh s\u00e1ch b\u1ea3o m\u1eadt c\u1ee7a ch\u00fang t\u00f4i. Ch\u00fang t\u00f4i cam k\u1ebft s\u1ebd khi\u1ebfn qu\u00fd kh\u00e1ch c\u1ea3m th\u1ea5y tin t\u01b0\u1edfng v\u00e0 h\u00e0i l\u00f2ng v\u1ec1 b\u1ea3o m\u1eadt th\u00f4ng tin c\u00e1 nh\u00e2n khi tham gia v\u00e0 s\u1eed d\u1ee5ng website c\u1ee7a c\u00f4ng ty.<\/p>\n<p><span style=\"color: #013974;\"><strong><em>6- Nh\u1eefng ng\u01b0\u1eddi ho\u1eb7c t\u1ed5 ch\u1ee9c c\u00f3 th\u1ec3 \u0111\u01b0\u1ee3c ti\u1ebfp c\u1eadn v\u1edbi th\u00f4ng tin<\/em><\/strong><\/span><\/p>\n<p>Ch\u00fang t\u00f4i ch\u1ec9 s\u1eed d\u1ee5ng th\u00f4ng tin kh\u00e1ch h\u00e0ng v\u00e0o nh\u1eefng vi\u1ec7c ho\u00e0n to\u00e0n ch\u00ednh \u0111\u00e1ng, \u0111\u01b0\u1ee3c s\u1ef1 \u0111\u1ed3ng \u00fd ch\u1ea5p thu\u1eadn c\u1ee7a kh\u00e1ch h\u00e0ng. Tuy\u1ec7t \u0111\u1ed1i kh\u00f4ng cung c\u1ea5p th\u00f4ng tin cho m\u1ed9t b\u00ean th\u1ee9 3 n\u1ebfu kh\u00f4ng \u0111\u01b0\u1ee3c kh\u00e1ch h\u00e0ng \u0111\u1ed3ng \u00fd. Ch\u1ec9 cung c\u1ea5p th\u00f4ng tin c\u1ee7a kh\u00e1ch h\u00e0ng khi n\u00f3 c\u00f3 l\u1ee3i v\u1edbi kh\u00e1ch h\u00e0ng v\u00e0 \u0111\u01b0\u1ee3c s\u1ef1 cho ph\u00e9p c\u1ee7a kh\u00e1ch h\u00e0ng. Nh\u01b0ng ch\u00fang t\u00f4i v\u1eabn s\u1ebd ph\u1ea3i cung c\u1ea5p th\u00f4ng tin cho b\u00ean th\u1ee9 3 trong m\u1ed9t s\u1ed1 tr\u01b0\u1eddng h\u1ee3p sau:<\/p>\n<p>\u0110\u01b0\u1ee3c s\u1ef1 cho ph\u00e9p c\u1ee7a kh\u00e1ch h\u00e0ng<\/p>\n<p>Theo y\u00eau c\u1ea7u c\u1ee7a c\u00e1c t\u1ed5 ch\u1ee9c, c\u01a1 quan, ch\u00ednh ph\u1ee7, nh\u00e0 n\u01b0\u1edbc khi x\u00e1c nh\u1eadn \u0111\u01b0\u1ee3c vi\u1ec7c l\u00e0m \u0111\u00f3 l\u00e0 h\u1ee3p ph\u00e1p v\u00e0 kh\u00f4ng vi ph\u1ea1m ph\u00e1p lu\u1eadt nh\u00e0 n\u01b0\u1edbc Vi\u1ec7t Nam.<\/p>\n<p><span style=\"color: #013974;\"><strong><em>7- \u0110\u1ecba ch\u1ec9 c\u1ee7a \u0111\u01a1n v\u1ecb thu th\u1eadp v\u00e0 qu\u1ea3n l\u00fd th\u00f4ng tin c\u00e1 nh\u00e2n<\/em><\/strong><\/span><\/p>\n<p>T\u00ean \u0111\u01a1n v\u1ecb: C\u00f4ng ty TNHH D\u01b0\u1ee3c v\u00e0 Thi\u1ebft b\u1ecb Y t\u1ebf Tu\u1ea5n Khang<\/p>\n<p>Gi\u1ea5y ch\u1ee9ng nh\u1eadn \u0111\u0103ng k\u00fd kinh doanh s\u1ed1: 0108344655<\/p>\n<p>Ng\u00e0y c\u1ea5p: 28 th\u00e1ng 06 n\u0103m 2018<\/p>\n<p>\u0110\u1ecba ch\u1ec9 tr\u1ee5 s\u1edf ch\u00ednh: S\u1ed1 nh\u00e0 11, ng\u00f5 59 \u0111\u01b0\u1eddng Ho\u00e0ng Hoa Th\u00e1m, Ph\u01b0\u1eddng Ng\u1ecdc H\u00e0, Qu\u1eadn Ba \u0110\u00ecnh, Th\u00e0nh ph\u1ed1 H\u00e0 N\u1ed9i, Vi\u1ec7t Nam.<\/p>\n<p>\u0110i\u1ec7n tho\u1ea1i: 0247 303 9993<\/p>\n<p><span style=\"color: #013974;\"><strong><em>8- Ph\u01b0\u01a1ng ti\u1ec7n v\u00e0 c\u00f4ng c\u1ee5 \u0111\u1ec3 ng\u01b0\u1eddi d\u00f9ng ti\u1ebfp c\u1eadn v\u00e0 ch\u1ec9nh s\u1eeda d\u1eef li\u1ec7u c\u00e1 nh\u00e2n c\u1ee7a m\u00ecnh<\/em><\/strong><em>.<\/em><\/span><\/p>\n<p>Kh\u00e1ch h\u00e0ng c\u00f3 th\u1ec3 th\u1ef1c hi\u1ec7n c\u00e1c quy\u1ec1n tr\u00ean b\u1eb1ng c\u00e1ch li\u00ean h\u1ec7 v\u1edbi ch\u00fang t\u00f4i qua s\u1ed1 \u0111i\u1ec7n tho\u1ea1i ho\u1eb7c \u0111\u1ecba ch\u1ec9 li\u00ean l\u1ea1c \u0111\u01b0\u1ee3c c\u00f4ng b\u1ed1 tr\u00ean website:<strong>\u00a0<span style=\"color: #013974;\">tuankhangmedical.com<\/span><\/strong><\/p>\n<p>&nbsp;<\/p>\n","protected":false},"excerpt":{"rendered":"<p>Ch\u00ednh s\u00e1ch B\u1ea3o v\u1ec7 th\u00f4ng tin c\u00e1 nh\u00e2n B\u1ea3o v\u1ec7 d\u1eef li\u1ec7u c\u00e1 nh\u00e2n v\u00e0 g\u00e2y d\u1ef1ng \u0111\u01b0\u1ee3c ni\u1ec1m tin cho Kh\u00e1ch h\u00e0ng l\u00e0 v\u1ea5n \u0111\u1ec1 r\u1ea5t quan tr\u1ecdng v\u1edbi c\u00f4ng ty. V\u00ec v\u1eady, ch\u00fang t\u00f4i s\u1ebd d\u00f9ng t\u00ean v\u00e0 c\u00e1c th\u00f4ng tin kh\u00e1c li\u00ean quan \u0111\u1ebfn kh\u00e1ch h\u00e0ng nh\u1eb1m tu\u00e2n th\u1ee7 theo n\u1ed9i dung [&hellip;]<\/p>\n","protected":false},"author":1,"featured_media":0,"parent":0,"menu_order":0,"comment_status":"closed","ping_status":"closed","template":"","meta":{"_acf_changed":false,"footnotes":""},"class_list":["post-502","page","type-page","status-publish","hentry"],"acf":[],"_links":{"self":[{"href":"https:\/\/tuankhangmedical.com\/en\/wp-json\/wp\/v2\/pages\/502","targetHints":{"allow":["GET"]}}],"collection":[{"href":"https:\/\/tuankhangmedical.com\/en\/wp-json\/wp\/v2\/pages"}],"about":[{"href":"https:\/\/tuankhangmedical.com\/en\/wp-json\/wp\/v2\/types\/page"}],"author":[{"embeddable":true,"href":"https:\/\/tuankhangmedical.com\/en\/wp-json\/wp\/v2\/users\/1"}],"replies":[{"embeddable":true,"href":"https:\/\/tuankhangmedical.com\/en\/wp-json\/wp\/v2\/comments?post=502"}],"version-history":[{"count":4,"href":"https:\/\/tuankhangmedical.com\/en\/wp-json\/wp\/v2\/pages\/502\/revisions"}],"predecessor-version":[{"id":1453,"href":"https:\/\/tuankhangmedical.com\/en\/wp-json\/wp\/v2\/pages\/502\/revisions\/1453"}],"wp:attachment":[{"href":"https:\/\/tuankhangmedical.com\/en\/wp-json\/wp\/v2\/media?parent=502"}],"curies":[{"name":"wp","href":"https:\/\/api.w.org\/{rel}","templated":true}]}}