{"id":198,"date":"2021-06-14T12:34:08","date_gmt":"2021-06-14T05:34:08","guid":{"rendered":"http:\/\/tuankhangmedical.com\/?page_id=198"},"modified":"2021-07-09T14:34:52","modified_gmt":"2021-07-09T07:34:52","slug":"dich-vu-huong-dan-khach-hang-su-dung-san-pham-tai-phong-kham-va-cong-ty","status":"publish","type":"page","link":"https:\/\/tuankhangmedical.com\/en\/dich-vu-huong-dan-khach-hang-su-dung-san-pham-tai-phong-kham-va-cong-ty\/","title":{"rendered":"D\u1ecbch v\u1ee5 h\u01b0\u1edbng d\u1eabn kh\u00e1ch h\u00e0ng s\u1eed d\u1ee5ng s\u1ea3n ph\u1ea9m t\u1ea1i ph\u00f2ng kh\u00e1m v\u00e0 C\u00f4ng ty"},"content":{"rendered":"<p>&nbsp;<\/p>\n<p><img loading=\"lazy\" decoding=\"async\" class=\"aligncenter size-full wp-image-357\" src=\"https:\/\/tuankhangmedical.com\/wp-content\/uploads\/2021\/06\/laser-4.png\" alt=\"\" width=\"730\" height=\"545\" \/><img loading=\"lazy\" decoding=\"async\" class=\"aligncenter size-full wp-image-359\" src=\"https:\/\/tuankhangmedical.com\/wp-content\/uploads\/2021\/06\/laser-5.png\" alt=\"\" width=\"730\" height=\"409\" \/><\/p>\n<p>&nbsp;<\/p>\n<p>&nbsp;<\/p>\n<p>&nbsp;<\/p>\n<p><img loading=\"lazy\" decoding=\"async\" class=\"aligncenter size-full wp-image-361\" src=\"https:\/\/tuankhangmedical.com\/wp-content\/uploads\/2021\/06\/laser-7.png\" alt=\"\" width=\"692\" height=\"409\" \/><img loading=\"lazy\" decoding=\"async\" class=\"aligncenter size-full wp-image-362\" src=\"https:\/\/tuankhangmedical.com\/wp-content\/uploads\/2021\/06\/laser-8.png\" alt=\"\" width=\"615\" height=\"611\" \/><\/p>\n<p>&nbsp;<\/p>\n<p>&nbsp;<\/p>\n<p><img loading=\"lazy\" decoding=\"async\" class=\"aligncenter size-full wp-image-363\" src=\"https:\/\/tuankhangmedical.com\/wp-content\/uploads\/2021\/06\/laser-9.png\" alt=\"\" width=\"875\" height=\"324\" \/><img loading=\"lazy\" decoding=\"async\" class=\"aligncenter size-full wp-image-364\" src=\"https:\/\/tuankhangmedical.com\/wp-content\/uploads\/2021\/06\/laser-10.png\" alt=\"\" width=\"877\" height=\"238\" \/><img loading=\"lazy\" decoding=\"async\" class=\"aligncenter size-full wp-image-365\" src=\"https:\/\/tuankhangmedical.com\/wp-content\/uploads\/2021\/06\/laser-11.png\" alt=\"\" width=\"875\" height=\"241\" \/><img loading=\"lazy\" decoding=\"async\" class=\"aligncenter size-full wp-image-366\" src=\"https:\/\/tuankhangmedical.com\/wp-content\/uploads\/2021\/06\/laser-12.png\" alt=\"\" width=\"876\" height=\"238\" \/><img loading=\"lazy\" decoding=\"async\" class=\"aligncenter size-full wp-image-367\" src=\"https:\/\/tuankhangmedical.com\/wp-content\/uploads\/2021\/06\/laser-13.png\" alt=\"\" width=\"874\" height=\"235\" \/><img loading=\"lazy\" decoding=\"async\" class=\"aligncenter size-full wp-image-368\" src=\"https:\/\/tuankhangmedical.com\/wp-content\/uploads\/2021\/06\/laser-14.png\" alt=\"\" width=\"874\" height=\"234\" \/><\/p>\n<p>&nbsp;<\/p>\n<p><em>**Qu\u00fd Nha khoa mu\u1ed1n tham kh\u1ea3o v\u1ec1 s\u1ea3n ph\u1ea9m, Tu\u1ea5n Khang Medical s\u1ebd \u0111i\u1ec1u ph\u1ed1i nh\u00e2n s\u1ef1 \u0111\u1ebfn t\u1eadn n\u01a1i cung c\u1ea5p s\u1ea3n ph\u1ea9m m\u1eabu, Catalogue \u0111\u1ec3 Qu\u00fd Nha khoa c\u00f3 th\u1ec3 t\u00ecm hi\u1ec3u k\u1ef9 h\u01a1n v\u1ec1 s\u1ea3n ph\u1ea9m. M\u1ecdi chi ti\u1ebft v\u00e0 th\u00f4ng tin v\u1ec1 s\u1ea3n ph\u1ea9m xin vui l\u00f2ng li\u00ean h\u1ec7:<\/em><\/p>\n<p><strong><a href=\"https:\/\/tuankhangmedical.com\/\">C\u00f4ng ty TNHH D\u01b0\u1ee3c v\u00e0 Thi\u1ebft b\u1ecb Y t\u1ebf Tu\u1ea5n Khang<\/a><\/strong><\/p>\n<p><strong>\ud83d\udcf2\u0110i\u1ec7n Tho\u1ea1i<\/strong>:<span style=\"color: #0000ff;\">\u00a0<u>0902.102.228<\/u><\/span><\/p>\n<p><strong>\u260eS\u1ed1 \u0110i\u1ec7n Tho\u1ea1i B\u00e0n<\/strong>:\u00a0<span style=\"color: #0000ff;\"><u><a style=\"color: #0000ff;\" href=\"tel:0247%20303%209993\">0247 303 9993<\/a><\/u><\/span><\/p>\n<p><strong>\ud83d\udce7Email<\/strong>: <span style=\"color: #0000ff;\">tu.tokuyamadental@gmail.com<\/span><\/p>\n<p>&nbsp;<\/p>\n<p>Tr\u00e2n Tr\u1ecdng ph\u1ee5c v\u1ee5 qu\u00fd B\u00e1c s\u0129.<\/p>\n","protected":false},"excerpt":{"rendered":"<p>&nbsp; &nbsp; &nbsp; &nbsp; &nbsp; &nbsp; &nbsp; **Qu\u00fd Nha khoa mu\u1ed1n tham kh\u1ea3o v\u1ec1 s\u1ea3n ph\u1ea9m, Tu\u1ea5n Khang Medical s\u1ebd \u0111i\u1ec1u ph\u1ed1i nh\u00e2n s\u1ef1 \u0111\u1ebfn t\u1eadn n\u01a1i cung c\u1ea5p s\u1ea3n ph\u1ea9m m\u1eabu, Catalogue \u0111\u1ec3 Qu\u00fd Nha khoa c\u00f3 th\u1ec3 t\u00ecm hi\u1ec3u k\u1ef9 h\u01a1n v\u1ec1 s\u1ea3n ph\u1ea9m. M\u1ecdi chi ti\u1ebft v\u00e0 th\u00f4ng tin v\u1ec1 s\u1ea3n ph\u1ea9m [&hellip;]<\/p>\n","protected":false},"author":1,"featured_media":0,"parent":0,"menu_order":0,"comment_status":"closed","ping_status":"closed","template":"","meta":{"_acf_changed":false,"footnotes":""},"class_list":["post-198","page","type-page","status-publish","hentry"],"acf":[],"_links":{"self":[{"href":"https:\/\/tuankhangmedical.com\/en\/wp-json\/wp\/v2\/pages\/198","targetHints":{"allow":["GET"]}}],"collection":[{"href":"https:\/\/tuankhangmedical.com\/en\/wp-json\/wp\/v2\/pages"}],"about":[{"href":"https:\/\/tuankhangmedical.com\/en\/wp-json\/wp\/v2\/types\/page"}],"author":[{"embeddable":true,"href":"https:\/\/tuankhangmedical.com\/en\/wp-json\/wp\/v2\/users\/1"}],"replies":[{"embeddable":true,"href":"https:\/\/tuankhangmedical.com\/en\/wp-json\/wp\/v2\/comments?post=198"}],"version-history":[{"count":5,"href":"https:\/\/tuankhangmedical.com\/en\/wp-json\/wp\/v2\/pages\/198\/revisions"}],"predecessor-version":[{"id":481,"href":"https:\/\/tuankhangmedical.com\/en\/wp-json\/wp\/v2\/pages\/198\/revisions\/481"}],"wp:attachment":[{"href":"https:\/\/tuankhangmedical.com\/en\/wp-json\/wp\/v2\/media?parent=198"}],"curies":[{"name":"wp","href":"https:\/\/api.w.org\/{rel}","templated":true}]}}