{"id":196,"date":"2021-06-14T12:33:45","date_gmt":"2021-06-14T05:33:45","guid":{"rendered":"http:\/\/tuankhangmedical.com\/?page_id=196"},"modified":"2024-12-27T09:07:48","modified_gmt":"2024-12-27T02:07:48","slug":"dich-vu-ho-tro-phau-thuat","status":"publish","type":"page","link":"https:\/\/tuankhangmedical.com\/en\/dich-vu-ho-tro-phau-thuat\/","title":{"rendered":"D\u1ecbch v\u1ee5 h\u1ed7 tr\u1ee3 ph\u1eabu thu\u1eadt"},"content":{"rendered":"<h3 style=\"text-align: left;\"><strong>D\u1ecbch v\u1ee5 h\u1ed7 tr\u1ee3 ph\u1eabu thu\u1eadt l\u00e0 m\u1ed9t trong nh\u1eefng c\u00f4ng vi\u1ec7c quan tr\u1ecdng trong qu\u00e1 tr\u00ecnh c\u1ea5y gh\u00e9p Implant (t\u1eeb kh\u00e2u chu\u1ea9n b\u1ecb v\u00e0 h\u1ed7 tr\u1ee3 tr\u1ef1c ti\u1ebfp B\u00e1c s\u0129 ph\u1eabu thu\u1eadt trong ca ph\u1eabu thu\u1eadt bao g\u1ed3m: v\u00f2ng trong v\u00e0 v\u00f2ng ngo\u00e0i).<\/strong><\/h3>\n<p style=\"text-align: left;\">Hi\u1ec3u \u0111\u01b0\u1ee3c v\u1ea5n \u0111\u1ec1 n\u00e0y, C\u00f4ng Ty TNHH D\u01b0\u1ee3c v\u00e0 Thi\u1ebft b\u1ecb Y t\u1ebf Tu\u1ea5n Khang \u0111\u00e3 x\u00e2y d\u1ee5ng d\u1ecbch v\u1ee5 H\u1ed7 tr\u1ee3 ph\u1eabu thu\u1eadt v\u1edbi ti\u00eau ch\u00ed &#8220;Ch\u1ea5t l\u01b0\u1ee3ng v\u00e0 s\u1ef1 t\u1eadn t\u00e2m lu\u00f4n \u0111\u1eb7t l\u00ean h\u00e0ng \u0111\u1ea7u&#8221;, nh\u1eb1m chu\u1ea9n b\u1ecb c\u00e1c c\u00f4ng c\u1ee5 \u0111\u1ec3 th\u1ef1c hi\u1ec7n c\u00f4ng vi\u1ec7c h\u1ed7 tr\u1ee3 t\u1ed1t nh\u1ea5t khi s\u1eed d\u1ee5ng h\u1ec7 th\u1ed1ng Implant n\u1ed5i b\u1eadt t\u1ea1i C\u00f4ng Ty nh\u01b0: Yes Biotech Implant, My-Q Implant Brat Implant, MultiSystem, &#8230;<\/p>\n<h3 style=\"text-align: left;\"><span style=\"color: #000080;\"><strong>V\u1edbi m\u1ee5c \u0111\u00edch:<\/strong><\/span><\/h3>\n<ul>\n<li style=\"text-align: left;\"><span>\u0110em l\u1ea1i l\u1ee3i \u00edch cho B\u00e1c s\u0129, gi\u00fap B\u00e1c s\u0129 d\u1ec5 d\u00e0ng th\u1ef1c hi\u1ec7n ca ph\u1eabu thu\u1eadt th\u00e0nh c\u00f4ng, g\u00f3p ph\u1ea7n n\u00e2ng cao n\u0103ng l\u1ef1c c\u1ea1nh tranh c\u1ee7a c\u00e1c doanh nghi\u1ec7p.<\/span><\/li>\n<li style=\"text-align: left;\"><span>T\u0103ng t\u1ef7 l\u1ec7 th\u00e0nh c\u00f4ng cho ca c\u1ea5y gh\u00e9p Implant.<\/span><\/li>\n<\/ul>\n<h3 style=\"text-align: left;\"><span style=\"color: #333399;\"><strong>C\u00e1c B\u01b0\u1edbc Di\u1ec5n Ra T\u1ea1i Ph\u00f2ng Kh\u00e1m:<\/strong><\/span><\/h3>\n<figure id=\"attachment_383\" style=\"width: 312px\"  class=\"wp-caption aligncenter\"><img loading=\"lazy\" decoding=\"async\" class=\"wp-image-383 size-full\" src=\"https:\/\/tuankhangmedical.com\/wp-content\/uploads\/2021\/06\/anh-ho-tro-1.png\" alt=\"d\u1ecbch v\u1ee5 h\u1ed7 tr\u1ee3 ph\u1eabu thu\u1eadt\" width=\"312\" height=\"234\" \/><figcaption class=\"wp-caption-text\">B\u01b0\u1edbc 1: Chu\u1ea9n b\u1ecb<\/figcaption><\/figure>\n<ul>\n<li>V\u00f2ng ngo\u00e0i: S\u1eafp x\u1ebfp v\u00e0 l\u1eafp r\u00e1p c\u00e1c thi\u1ebft b\u1ecb m\u00e1y m\u00f3c, v\u1eadt t\u01b0 ti\u00eau hao c\u1ea7n s\u1eed d\u1ee5ng cho ca ph\u1eabu thu\u1eadt.<\/li>\n<li>V\u00f2ng trong (v\u00f4 tr\u00f9ng tuy\u1ec7t \u0111\u1ed1i): S\u1eafp x\u1ebfp b\u1ed9 d\u1ee5ng c\u1ee5 ph\u1eabu thu\u1eadt c\u01a1 b\u1ea3n v\u00e0 c\u00e1c c\u00f4ng vi\u1ec7c chu\u1ea9n b\u1ecb c\u1ee5 th\u1ec3.<\/li>\n<\/ul>\n<figure id=\"attachment_385\" style=\"width: 312px\"  class=\"wp-caption aligncenter\"><img loading=\"lazy\" decoding=\"async\" class=\"wp-image-385 size-full\" style=\"font-size: 16px;\" src=\"https:\/\/tuankhangmedical.com\/wp-content\/uploads\/2021\/06\/anh-ho-tro-2.png\" alt=\"d\u1ecbch v\u1ee5 h\u1ed7 tr\u1ee3 ph\u1eabu thu\u1eadt\" width=\"312\" height=\"234\" \/><figcaption class=\"wp-caption-text\">B\u01b0\u1edbc 2: Th\u1ef1c hi\u1ec7n<\/figcaption><\/figure>\n<ul>\n<li>V\u00f2ng trong: Ti\u1ebfp d\u1ee5ng c\u1ee5 cho B\u00e1c s\u0129 v\u00e0 duy tr\u00ec ca ph\u1eabu thu\u1eadt theo \u0111\u00fang quy tr\u00ecnh.<\/li>\n<li>V\u00f2ng ngo\u00e0i: H\u1ed7 tr\u1ee3 \u0111i\u1ec1u ch\u1ec9nh thi\u1ebft b\u1ecb. Cung c\u1ea5p d\u1ee5ng c\u1ee5, v\u1eadt li\u1ec7u ngo\u00e0i b\u00e0n m\u1ed5 khi B\u00e1c s\u0129 y\u00eau c\u1ea7u.<\/li>\n<li style=\"list-style-type: none;\"><\/li>\n<\/ul>\n<p style=\"text-align: left;\"><u>B\u01b0\u1edbc 3: Ho\u00e0n th\u00e0nh<\/u><\/p>\n<ul>\n<li>V\u00f2ng ngo\u00e0i: Ki\u1ec3m tra l\u1ea1i danh s\u00e1ch h\u00e0ng h\u00f3a \u0111\u00e3 s\u1eed d\u1ee5ng.<\/li>\n<li>V\u00f2ng trong: Thu d\u1ecdn d\u1ee5ng c\u1ee5, x\u1eed l\u00fd v\u1ec7 sinh t\u1ea1i ch\u1ed7.<\/li>\n<li style=\"list-style-type: none;\"><\/li>\n<\/ul>\n<p>Khi Qu\u00fd Nha Khoa tr\u1ea3i nghi\u1ec7m s\u1ea3n ph\u1ea9m, Tu\u1ea5n Khang Medical s\u1ebd h\u1ed7 tr\u1ee3 nh\u00e2n l\u1ef1c (Ph\u1ee5 t\u00e1 ph\u1eabu thu\u1eadt, Training,..) v\u00e0 c\u00e1c trang thi\u1ebft b\u1ecb c\u1ea5y gh\u00e9p trong c\u00e1c ca c\u1ea5y gh\u00e9p c\u1ea7n thi\u1ebft.<\/p>\n<p>M\u1ecdi th\u1eafc m\u1eafc v\u1ec1 d\u1ecbch v\u1ee5 xin vui l\u00f2ng li\u00ean h\u1ec7:<\/p>\n<p><strong>C\u00f4ng ty TNHH D\u01b0\u1ee3c v\u00e0 Thi\u1ebft b\u1ecb Y t\u1ebf Tu\u1ea5n Khang<\/strong><\/p>\n<p><strong>\ud83d\udcf2 \u0110i\u1ec7n Tho\u1ea1i<\/strong>:<span style=\"color: #0000ff;\">\u00a0<u>0902.102.228<\/u><\/span><\/p>\n<p><strong>\u260e S\u1ed1 \u0110i\u1ec7n Tho\u1ea1i B\u00e0n<\/strong>:\u00a0<span style=\"color: #0000ff;\"><u><a style=\"color: #0000ff;\" href=\"tel:0247%20303%209993\">0247 303 9993<\/a><\/u><\/span><\/p>\n<p><strong>\ud83d\udce7 Email<\/strong>: <span style=\"color: #0000ff;\">tu.tokuyamadental@gmail.com<\/span><\/p>\n<p>Tr\u00e2n Tr\u1ecdng ph\u1ee5c v\u1ee5 qu\u00fd B\u00e1c s\u0129.<\/p>\n<p style=\"text-align: left;\">\n","protected":false},"excerpt":{"rendered":"<p>D\u1ecbch v\u1ee5 h\u1ed7 tr\u1ee3 ph\u1eabu thu\u1eadt l\u00e0 m\u1ed9t trong nh\u1eefng c\u00f4ng vi\u1ec7c quan tr\u1ecdng trong qu\u00e1 tr\u00ecnh c\u1ea5y gh\u00e9p Implant (t\u1eeb kh\u00e2u chu\u1ea9n b\u1ecb v\u00e0 h\u1ed7 tr\u1ee3 tr\u1ef1c ti\u1ebfp B\u00e1c s\u0129 ph\u1eabu thu\u1eadt trong ca ph\u1eabu thu\u1eadt bao g\u1ed3m: v\u00f2ng trong v\u00e0 v\u00f2ng ngo\u00e0i). Hi\u1ec3u \u0111\u01b0\u1ee3c v\u1ea5n \u0111\u1ec1 n\u00e0y, C\u00f4ng Ty TNHH D\u01b0\u1ee3c v\u00e0 Thi\u1ebft [&hellip;]<\/p>\n","protected":false},"author":1,"featured_media":0,"parent":0,"menu_order":0,"comment_status":"closed","ping_status":"closed","template":"","meta":{"_acf_changed":false,"footnotes":""},"class_list":["post-196","page","type-page","status-publish","hentry"],"acf":[],"_links":{"self":[{"href":"https:\/\/tuankhangmedical.com\/en\/wp-json\/wp\/v2\/pages\/196","targetHints":{"allow":["GET"]}}],"collection":[{"href":"https:\/\/tuankhangmedical.com\/en\/wp-json\/wp\/v2\/pages"}],"about":[{"href":"https:\/\/tuankhangmedical.com\/en\/wp-json\/wp\/v2\/types\/page"}],"author":[{"embeddable":true,"href":"https:\/\/tuankhangmedical.com\/en\/wp-json\/wp\/v2\/users\/1"}],"replies":[{"embeddable":true,"href":"https:\/\/tuankhangmedical.com\/en\/wp-json\/wp\/v2\/comments?post=196"}],"version-history":[{"count":29,"href":"https:\/\/tuankhangmedical.com\/en\/wp-json\/wp\/v2\/pages\/196\/revisions"}],"predecessor-version":[{"id":1418,"href":"https:\/\/tuankhangmedical.com\/en\/wp-json\/wp\/v2\/pages\/196\/revisions\/1418"}],"wp:attachment":[{"href":"https:\/\/tuankhangmedical.com\/en\/wp-json\/wp\/v2\/media?parent=196"}],"curies":[{"name":"wp","href":"https:\/\/api.w.org\/{rel}","templated":true}]}}