{"id":1340,"date":"2024-12-19T22:03:26","date_gmt":"2024-12-19T15:03:26","guid":{"rendered":"https:\/\/tuankhangmedical.com\/?page_id=1340"},"modified":"2024-12-19T22:03:26","modified_gmt":"2024-12-19T15:03:26","slug":"ve-cong-ty","status":"publish","type":"page","link":"https:\/\/tuankhangmedical.com\/en\/ve-cong-ty\/","title":{"rendered":"V\u1ec1 c\u00f4ng ty"},"content":{"rendered":"<p style=\"text-align: left;\">Sau nhi\u1ec1u n\u0103m h\u00ecnh th\u00e0nh v\u00e0 ph\u00e1t tri\u1ec3n, <em>C\u00f4ng ty TNHH D\u01b0\u1ee3c v\u00e0 Thi\u1ebft b\u1ecb Y t\u1ebf Tu\u1ea5n Khang<\/em> ng\u00e0y h\u00f4m nay \u0111\u00e3 tr\u1edf th\u00e0nh m\u1ed9t trong nh\u1eefng th\u01b0\u01a1ng hi\u1ec7u uy t\u00edn t\u1ea1i Vi\u1ec7t Nam v\u1ec1 l\u0129nh v\u1ef1c nh\u1eadp kh\u1ea9u, Ph\u00e2n ph\u1ed1i c\u00e1c s\u1ea3n ph\u1ea9m v\u1ec1 D\u01b0\u1ee3c ph\u1ea9m, Thi\u1ebft b\u1ecb y t\u1ebf, Thi\u1ebft b\u1ecb nha khoa, c\u00f4ng ngh\u1ec7 c\u1ea5y gh\u00e9p nha khoa, ch\u1ec9nh h\u00ecnh r\u0103ng \u2026<\/p>\n<p><img loading=\"lazy\" decoding=\"async\" class=\"aligncenter wp-image-235 size-large\" src=\"https:\/\/tuankhangmedical.com\/wp-content\/uploads\/2021\/06\/tuan-khang-1024x656.jpg\" alt=\"\" width=\"1024\" height=\"656\" \/><\/p>\n<p style=\"text-align: left;\">Tr\u00ean con \u0111\u01b0\u1eddng th\u1ef1c hi\u1ec7n \u01b0\u1edbc m\u01a1 c\u1ee7a m\u00ecnh, TU\u1ea4N KHANG lu\u00f4n \u0111\u1eb7t s\u1ee9 m\u1ec7nh \u0111\u00f3 l\u00e0 &#8220;\u0111\u1ed3ng h\u00e0nh c\u00f9ng s\u1ee9c kh\u1ecfe Vi\u1ec7t&#8221; l\u00e0 kim ch\u1ec9 nam trong m\u1ecdi chi\u1ebfn l\u01b0\u1ee3c ph\u00e1t tri\u1ec3n, ch\u00ednh v\u00ec v\u1eady ch\u00fang t\u00f4i lu\u00f4n n\u1ed7 l\u1ef1c kh\u00f4ng ng\u1eebng mang \u0111\u1ebfn nh\u1eefng v\u1eadt li\u1ec7u c\u00f9ng thi\u1ebft b\u1ecb y t\u1ebf hi\u1ec7n \u0111\u1ea1i nh\u1ea5t t\u1eeb kh\u1eafp n\u01a1i tr\u00ean th\u1ebf gi\u1edbi cho ng\u01b0\u1eddi Vi\u1ec7t c\u0169ng nh\u01b0 \u0111em \u0111\u1ebfn ch\u1ea5t l\u01b0\u1ee3ng d\u1ecbch v\u1ee5 t\u1ed1t nh\u1ea5t \u0111\u1ebfn t\u1eebng ph\u00f2ng kh\u00e1m, b\u1ec7nh vi\u1ec7n. Nh\u1edd nh\u1eefng n\u1ed7 l\u1ef1c kh\u00f4ng ng\u1eebng ngh\u1ec9 \u0111\u00f3, TU\u1ea4N KHANG \u0111\u00e3 tr\u1edf th\u00e0nh \u0111\u1ed1i t\u00e1c th\u00e2n thi\u1ebft c\u1ee7a h\u00e0ng tr\u0103m b\u1ec7nh vi\u1ec7n, ph\u00f2ng kh\u00e1m c\u0169ng nh\u01b0 m\u1edf ra cho TU\u1ea4N KHANG t\u01b0\u01a1ng lai t\u01b0\u01a1i s\u00e1ng tr\u00ean con \u0111\u01b0\u1eddng d\u1ea7n kh\u1eb3ng \u0111\u1ecbnh v\u1ecb th\u1ebf tr\u00ean th\u1ecb tr\u01b0\u1eddng.<\/p>\n<p>&nbsp;<\/p>\n<p>&nbsp;<\/p>\n<p style=\"text-align: left;\">\n","protected":false},"excerpt":{"rendered":"<p>Sau nhi\u1ec1u n\u0103m h\u00ecnh th\u00e0nh v\u00e0 ph\u00e1t tri\u1ec3n, C\u00f4ng ty TNHH D\u01b0\u1ee3c v\u00e0 Thi\u1ebft b\u1ecb Y t\u1ebf Tu\u1ea5n Khang ng\u00e0y h\u00f4m nay \u0111\u00e3 tr\u1edf th\u00e0nh m\u1ed9t trong nh\u1eefng th\u01b0\u01a1ng hi\u1ec7u uy t\u00edn t\u1ea1i Vi\u1ec7t Nam v\u1ec1 l\u0129nh v\u1ef1c nh\u1eadp kh\u1ea9u, Ph\u00e2n ph\u1ed1i c\u00e1c s\u1ea3n ph\u1ea9m v\u1ec1 D\u01b0\u1ee3c ph\u1ea9m, Thi\u1ebft b\u1ecb y t\u1ebf, Thi\u1ebft b\u1ecb nha [&hellip;]<\/p>\n","protected":false},"author":1,"featured_media":0,"parent":0,"menu_order":0,"comment_status":"closed","ping_status":"closed","template":"","meta":{"_acf_changed":false,"footnotes":""},"class_list":["post-1340","page","type-page","status-publish","hentry"],"acf":[],"_links":{"self":[{"href":"https:\/\/tuankhangmedical.com\/en\/wp-json\/wp\/v2\/pages\/1340","targetHints":{"allow":["GET"]}}],"collection":[{"href":"https:\/\/tuankhangmedical.com\/en\/wp-json\/wp\/v2\/pages"}],"about":[{"href":"https:\/\/tuankhangmedical.com\/en\/wp-json\/wp\/v2\/types\/page"}],"author":[{"embeddable":true,"href":"https:\/\/tuankhangmedical.com\/en\/wp-json\/wp\/v2\/users\/1"}],"replies":[{"embeddable":true,"href":"https:\/\/tuankhangmedical.com\/en\/wp-json\/wp\/v2\/comments?post=1340"}],"version-history":[{"count":1,"href":"https:\/\/tuankhangmedical.com\/en\/wp-json\/wp\/v2\/pages\/1340\/revisions"}],"predecessor-version":[{"id":1341,"href":"https:\/\/tuankhangmedical.com\/en\/wp-json\/wp\/v2\/pages\/1340\/revisions\/1341"}],"wp:attachment":[{"href":"https:\/\/tuankhangmedical.com\/en\/wp-json\/wp\/v2\/media?parent=1340"}],"curies":[{"name":"wp","href":"https:\/\/api.w.org\/{rel}","templated":true}]}}